{"id":1510,"date":"2022-12-13T13:17:28","date_gmt":"2022-12-13T13:17:28","guid":{"rendered":"https:\/\/www.dayfornight.fr\/?page_id=1510"},"modified":"2023-01-24T17:23:33","modified_gmt":"2023-01-24T17:23:33","slug":"travail-en-etablissements-scolaires","status":"publish","type":"page","link":"https:\/\/www.dayfornight.fr\/en\/travail-en-etablissements-scolaires\/","title":{"rendered":"Working in schools"},"content":{"rendered":"<div data-elementor-type=\"wp-page\" data-elementor-id=\"1510\" class=\"elementor elementor-1510\">\n\t\t\t\t\t\t<section class=\"elementor-section elementor-top-section elementor-element elementor-element-9d3b297 elementor-section-boxed elementor-section-height-default elementor-section-height-default\" data-id=\"9d3b297\" data-element_type=\"section\">\n\t\t\t\t\t\t<div class=\"elementor-container elementor-column-gap-default\">\n\t\t\t\t\t<div class=\"elementor-column elementor-col-100 elementor-top-column elementor-element elementor-element-0498f69\" data-id=\"0498f69\" data-element_type=\"column\">\n\t\t\t<div class=\"elementor-widget-wrap elementor-element-populated\">\n\t\t\t\t\t\t<div class=\"elementor-element elementor-element-fe9f5b7 elementor-widget elementor-widget-text-editor\" data-id=\"fe9f5b7\" data-element_type=\"widget\" data-widget_type=\"text-editor.default\">\n\t\t\t\t<div class=\"elementor-widget-container\">\n\t\t\t\t\t\t\t<p><span style=\"color: #00786e;\">________<br \/><\/span><span style=\"font-family: gravity-light; font-size: 36pt; color: #00786e;\">Working in schools<\/span><\/p>\t\t\t\t\t\t<\/div>\n\t\t\t\t<\/div>\n\t\t\t\t<div class=\"elementor-element elementor-element-2836402 elementor-widget elementor-widget-text-editor\" data-id=\"2836402\" data-element_type=\"widget\" data-widget_type=\"text-editor.default\">\n\t\t\t\t<div class=\"elementor-widget-container\">\n\t\t\t\t\t\t\t<p><span style=\"font-family: gravity-book;\">Work in schools takes several forms:<\/span><br \/><span style=\"font-family: gravity-book;\">- school tours of several forms adapted to classroom settings, such as<em> Le quart d\u2019heure am\u00e9ricain<\/em> and<em> La femme juive<\/em>.<\/span><br \/><span style=\"font-family: gravity-book;\">- the development of educational projects based on the productions. This was notably the case in 2021-2022 in several establishments (Poligny secondary school, Nodier and Duhamel secondary schools in Dole) for the creation of specific projects on the writing of the future, around <em>Nostalgie 2175<\/em>. And, in 2018-2019, during a long-term residency at the Coll\u00e8ge de Selongey around<em> Pas pleurer<\/em>.<\/span><\/p><p><span style=\"font-family: gravity-book;\">Specific one-year projects have taken place, such as<em> Terra incognita<\/em>, which the actress L\u00e9a Masson led at Fraisans secondary school, and regular partnerships continue with certain establishments, such as Jean Jaur\u00e8s secondary school in Montreuil.<\/span><\/p>\t\t\t\t\t\t<\/div>\n\t\t\t\t<\/div>\n\t\t\t\t<div class=\"elementor-element elementor-element-f3af959 elementor-widget elementor-widget-image-gallery\" data-id=\"f3af959\" data-element_type=\"widget\" data-widget_type=\"image-gallery.default\">\n\t\t\t\t<div class=\"elementor-widget-container\">\n\t\t\t\t\t<div class=\"elementor-image-gallery\">\n\t\t\t<div id='gallery-1' class='gallery galleryid-1510 gallery-columns-4 gallery-size-medium'><figure class='gallery-item'>\n\t\t\t<div class='gallery-icon portrait'>\n\t\t\t\t<a data-elementor-open-lightbox=\"yes\" data-elementor-lightbox-slideshow=\"f3af959\" data-elementor-lightbox-title=\"La femme juive 20\" data-e-action-hash=\"#elementor-action%3Aaction%3Dlightbox%26settings%3DeyJpZCI6MTUyMCwidXJsIjoiaHR0cHM6XC9cL3d3dy5kYXlmb3JuaWdodC5mclwvd3AtY29udGVudFwvdXBsb2Fkc1wvMjAyMlwvMTJcL0xhLWZlbW1lLWp1aXZlLTIwLXJvdGF0ZWQuanBnIiwic2xpZGVzaG93IjoiZjNhZjk1OSJ9\" href='https:\/\/www.dayfornight.fr\/wp-content\/uploads\/2022\/12\/La-femme-juive-20-rotated.jpg'><img fetchpriority=\"high\" width=\"225\" height=\"300\" src=\"https:\/\/www.dayfornight.fr\/wp-content\/uploads\/2022\/12\/La-femme-juive-20-225x300.jpg\" class=\"attachment-medium size-medium\" alt=\"\" decoding=\"async\" srcset=\"https:\/\/www.dayfornight.fr\/wp-content\/uploads\/2022\/12\/La-femme-juive-20-225x300.jpg 225w, https:\/\/www.dayfornight.fr\/wp-content\/uploads\/2022\/12\/La-femme-juive-20-768x1024.jpg 768w, https:\/\/www.dayfornight.fr\/wp-content\/uploads\/2022\/12\/La-femme-juive-20-1152x1536.jpg 1152w, https:\/\/www.dayfornight.fr\/wp-content\/uploads\/2022\/12\/La-femme-juive-20-rotated.jpg 1512w\" sizes=\"(max-width: 225px) 100vw, 225px\" \/><\/a>\n\t\t\t<\/div><\/figure><figure class='gallery-item'>\n\t\t\t<div class='gallery-icon portrait'>\n\t\t\t\t<a data-elementor-open-lightbox=\"yes\" data-elementor-lightbox-slideshow=\"f3af959\" data-elementor-lightbox-title=\"La femme juive 39\" data-e-action-hash=\"#elementor-action%3Aaction%3Dlightbox%26settings%3DeyJpZCI6MTUyMSwidXJsIjoiaHR0cHM6XC9cL3d3dy5kYXlmb3JuaWdodC5mclwvd3AtY29udGVudFwvdXBsb2Fkc1wvMjAyMlwvMTJcL0xhLWZlbW1lLWp1aXZlLTM5LXJvdGF0ZWQuanBnIiwic2xpZGVzaG93IjoiZjNhZjk1OSJ9\" href='https:\/\/www.dayfornight.fr\/wp-content\/uploads\/2022\/12\/La-femme-juive-39-rotated.jpg'><img width=\"225\" height=\"300\" src=\"https:\/\/www.dayfornight.fr\/wp-content\/uploads\/2022\/12\/La-femme-juive-39-225x300.jpg\" class=\"attachment-medium size-medium\" alt=\"\" decoding=\"async\" srcset=\"https:\/\/www.dayfornight.fr\/wp-content\/uploads\/2022\/12\/La-femme-juive-39-225x300.jpg 225w, https:\/\/www.dayfornight.fr\/wp-content\/uploads\/2022\/12\/La-femme-juive-39-768x1024.jpg 768w, https:\/\/www.dayfornight.fr\/wp-content\/uploads\/2022\/12\/La-femme-juive-39-1152x1536.jpg 1152w, https:\/\/www.dayfornight.fr\/wp-content\/uploads\/2022\/12\/La-femme-juive-39-rotated.jpg 1512w\" sizes=\"(max-width: 225px) 100vw, 225px\" \/><\/a>\n\t\t\t<\/div><\/figure><figure class='gallery-item'>\n\t\t\t<div class='gallery-icon portrait'>\n\t\t\t\t<a data-elementor-open-lightbox=\"yes\" data-elementor-lightbox-slideshow=\"f3af959\" data-elementor-lightbox-title=\"La femme juive 5\" data-e-action-hash=\"#elementor-action%3Aaction%3Dlightbox%26settings%3DeyJpZCI6MTUxNiwidXJsIjoiaHR0cHM6XC9cL3d3dy5kYXlmb3JuaWdodC5mclwvd3AtY29udGVudFwvdXBsb2Fkc1wvMjAyMlwvMTJcL0xhLWZlbW1lLWp1aXZlLTUtcm90YXRlZC5qcGciLCJzbGlkZXNob3ciOiJmM2FmOTU5In0%3D\" href='https:\/\/www.dayfornight.fr\/wp-content\/uploads\/2022\/12\/La-femme-juive-5-rotated.jpg'><img width=\"225\" height=\"300\" src=\"https:\/\/www.dayfornight.fr\/wp-content\/uploads\/2022\/12\/La-femme-juive-5-225x300.jpg\" class=\"attachment-medium size-medium\" alt=\"\" decoding=\"async\" srcset=\"https:\/\/www.dayfornight.fr\/wp-content\/uploads\/2022\/12\/La-femme-juive-5-225x300.jpg 225w, https:\/\/www.dayfornight.fr\/wp-content\/uploads\/2022\/12\/La-femme-juive-5-768x1024.jpg 768w, https:\/\/www.dayfornight.fr\/wp-content\/uploads\/2022\/12\/La-femme-juive-5-1152x1536.jpg 1152w, https:\/\/www.dayfornight.fr\/wp-content\/uploads\/2022\/12\/La-femme-juive-5-rotated.jpg 1512w\" sizes=\"(max-width: 225px) 100vw, 225px\" \/><\/a>\n\t\t\t<\/div><\/figure><figure class='gallery-item'>\n\t\t\t<div class='gallery-icon portrait'>\n\t\t\t\t<a data-elementor-open-lightbox=\"yes\" data-elementor-lightbox-slideshow=\"f3af959\" data-elementor-lightbox-title=\"La femme juive 7\" data-e-action-hash=\"#elementor-action%3Aaction%3Dlightbox%26settings%3DeyJpZCI6MTUxNywidXJsIjoiaHR0cHM6XC9cL3d3dy5kYXlmb3JuaWdodC5mclwvd3AtY29udGVudFwvdXBsb2Fkc1wvMjAyMlwvMTJcL0xhLWZlbW1lLWp1aXZlLTctcm90YXRlZC5qcGciLCJzbGlkZXNob3ciOiJmM2FmOTU5In0%3D\" href='https:\/\/www.dayfornight.fr\/wp-content\/uploads\/2022\/12\/La-femme-juive-7-rotated.jpg'><img loading=\"lazy\" width=\"225\" height=\"300\" src=\"https:\/\/www.dayfornight.fr\/wp-content\/uploads\/2022\/12\/La-femme-juive-7-225x300.jpg\" class=\"attachment-medium size-medium\" alt=\"\" decoding=\"async\" srcset=\"https:\/\/www.dayfornight.fr\/wp-content\/uploads\/2022\/12\/La-femme-juive-7-225x300.jpg 225w, https:\/\/www.dayfornight.fr\/wp-content\/uploads\/2022\/12\/La-femme-juive-7-768x1024.jpg 768w, https:\/\/www.dayfornight.fr\/wp-content\/uploads\/2022\/12\/La-femme-juive-7-1152x1536.jpg 1152w, https:\/\/www.dayfornight.fr\/wp-content\/uploads\/2022\/12\/La-femme-juive-7-rotated.jpg 1512w\" sizes=\"(max-width: 225px) 100vw, 225px\" \/><\/a>\n\t\t\t<\/div><\/figure>\n\t\t<\/div>\n\t\t<\/div>\n\t\t\t\t<\/div>\n\t\t\t\t<\/div>\n\t\t\t\t<div class=\"elementor-element elementor-element-5f54891 elementor-widget elementor-widget-text-editor\" data-id=\"5f54891\" data-element_type=\"widget\" data-widget_type=\"text-editor.default\">\n\t\t\t\t<div class=\"elementor-widget-container\">\n\t\t\t\t\t\t\t<p style=\"text-align: center;\"><span style=\"font-family: gravity-book; font-size: 8pt;\"><em>La femme juive<\/em> - creation 2019 \u00a9 day-for-night<\/span><\/p>\t\t\t\t\t\t<\/div>\n\t\t\t\t<\/div>\n\t\t\t\t\t<\/div>\n\t\t<\/div>\n\t\t\t\t\t<\/div>\n\t\t<\/section>\n\t\t\t\t<\/div>","protected":false},"excerpt":{"rendered":"<p>________travail en \u00e9tablissements scolaires\u200b Le travail en \u00e9tablissements scolaires se d\u00e9cline sous plusieurs formes :&#8211; les tourn\u00e9es en \u00e9tablissement scolaire<\/p>","protected":false},"author":1,"featured_media":0,"parent":0,"menu_order":0,"comment_status":"closed","ping_status":"closed","template":"","meta":[],"_links":{"self":[{"href":"https:\/\/www.dayfornight.fr\/en\/wp-json\/wp\/v2\/pages\/1510"}],"collection":[{"href":"https:\/\/www.dayfornight.fr\/en\/wp-json\/wp\/v2\/pages"}],"about":[{"href":"https:\/\/www.dayfornight.fr\/en\/wp-json\/wp\/v2\/types\/page"}],"author":[{"embeddable":true,"href":"https:\/\/www.dayfornight.fr\/en\/wp-json\/wp\/v2\/users\/1"}],"replies":[{"embeddable":true,"href":"https:\/\/www.dayfornight.fr\/en\/wp-json\/wp\/v2\/comments?post=1510"}],"version-history":[{"count":25,"href":"https:\/\/www.dayfornight.fr\/en\/wp-json\/wp\/v2\/pages\/1510\/revisions"}],"predecessor-version":[{"id":2436,"href":"https:\/\/www.dayfornight.fr\/en\/wp-json\/wp\/v2\/pages\/1510\/revisions\/2436"}],"wp:attachment":[{"href":"https:\/\/www.dayfornight.fr\/en\/wp-json\/wp\/v2\/media?parent=1510"}],"curies":[{"name":"wp","href":"https:\/\/api.w.org\/{rel}","templated":true}]}}