{"id":277,"date":"2018-07-16T14:58:34","date_gmt":"2018-07-16T14:58:34","guid":{"rendered":"http:\/\/www.dayfornight.odns.fr\/?page_id=277"},"modified":"2023-02-07T09:50:42","modified_gmt":"2023-02-07T09:50:42","slug":"tout-le-monde-se-fout","status":"publish","type":"page","link":"https:\/\/www.dayfornight.fr\/en\/tout-le-monde-se-fout\/","title":{"rendered":"Tout le monde se fout&#8230;"},"content":{"rendered":"<div data-elementor-type=\"wp-post\" data-elementor-id=\"277\" class=\"elementor elementor-277\">\n\t\t\t\t\t\t<section class=\"elementor-section elementor-top-section elementor-element elementor-element-ac320d1 elementor-section-boxed elementor-section-height-default elementor-section-height-default\" data-id=\"ac320d1\" data-element_type=\"section\">\n\t\t\t\t\t\t<div class=\"elementor-container elementor-column-gap-default\">\n\t\t\t\t\t<div class=\"elementor-column elementor-col-100 elementor-top-column elementor-element elementor-element-16ae4a03\" data-id=\"16ae4a03\" data-element_type=\"column\">\n\t\t\t<div class=\"elementor-widget-wrap\">\n\t\t\t\t\t\t\t<\/div>\n\t\t<\/div>\n\t\t\t\t\t<\/div>\n\t\t<\/section>\n\t\t\t\t<section class=\"elementor-section elementor-top-section elementor-element elementor-element-dd090f3 elementor-section-boxed elementor-section-height-default elementor-section-height-default\" data-id=\"dd090f3\" data-element_type=\"section\">\n\t\t\t\t\t\t<div class=\"elementor-container elementor-column-gap-default\">\n\t\t\t\t\t<div class=\"elementor-column elementor-col-100 elementor-top-column elementor-element elementor-element-4ed8b76\" data-id=\"4ed8b76\" data-element_type=\"column\">\n\t\t\t<div class=\"elementor-widget-wrap elementor-element-populated\">\n\t\t\t\t\t\t<div class=\"elementor-element elementor-element-350d364 elementor-widget elementor-widget-text-editor\" data-id=\"350d364\" data-element_type=\"widget\" data-widget_type=\"text-editor.default\">\n\t\t\t\t<div class=\"elementor-widget-container\">\n\t\t\t\t\t\t\t<p><span style=\"font-family: Andale Mono, Times; color: #00786e;\">________<\/span><\/p><p style=\"text-align: left;\"><span style=\"font-family: gravity-light; font-size: 36pt; color: #00786e;\">tout le monde se fout de la demoiselle d&#8217;Escalot<\/span><\/p><p><span style=\"color: #00786e;\"><em><span style=\"font-family: gravity-light; font-size: 18pt;\">Notre politique de l&#8217;amour 1<\/span><\/em><\/span><\/p><p><span style=\"font-family: gravity-book; font-size: 10pt; color: #00786e;\">CR\u00c9ATION 2009<\/span><\/p>\t\t\t\t\t\t<\/div>\n\t\t\t\t<\/div>\n\t\t\t\t\t<\/div>\n\t\t<\/div>\n\t\t\t\t\t<\/div>\n\t\t<\/section>\n\t\t\t\t<section class=\"elementor-section elementor-top-section elementor-element elementor-element-10a3e72 elementor-section-boxed elementor-section-height-default elementor-section-height-default\" data-id=\"10a3e72\" data-element_type=\"section\">\n\t\t\t\t\t\t<div class=\"elementor-container elementor-column-gap-wide\">\n\t\t\t\t\t<div class=\"elementor-column elementor-col-66 elementor-top-column elementor-element elementor-element-66640710\" data-id=\"66640710\" data-element_type=\"column\">\n\t\t\t<div class=\"elementor-widget-wrap elementor-element-populated\">\n\t\t\t\t\t\t<div class=\"elementor-element elementor-element-2f2b544 elementor-widget elementor-widget-text-editor\" data-id=\"2f2b544\" data-element_type=\"widget\" data-widget_type=\"text-editor.default\">\n\t\t\t\t<div class=\"elementor-widget-container\">\n\t\t\t\t\t\t\t<p><span style=\"font-family: gravity-book; font-size: 12pt;\">La demoiselle d\u2019Escalot appara\u00eet bri\u00e8vement dans le roman m\u00e9di\u00e9val <em>La Mort le roi Artu<\/em> : incarnation typique du personnage secondaire, elle n\u2019intervient que pour r\u00e9concilier le couple d\u2019amants central, Lancelot et la reine. Ces deux-l\u00e0 se disputent, elle est jalouse, lui d\u00e9ment ; \u00e0 point nomm\u00e9 arrive dans une barque le corps de la demoiselle d\u2019Escalot avec un testament qui rassure tout le monde, o\u00f9 elle indique que certes, elle est morte d\u2019amour pour Lancelot mais que lui ne l\u2019a jamais regard\u00e9e. Le roman se poursuit aussit\u00f4t, cette p\u00e9rip\u00e9tie rapidement exp\u00e9di\u00e9e. Au XIX\u00e8me si\u00e8cle, le po\u00e8te anglais Alfred Tennyson, dans ses r\u00e9\u00e9critures de la l\u00e9gende arthurienne, a m\u00e9lang\u00e9 plusieurs personnages nomm\u00e9s Elaine pour faire de la demoiselle d\u2019Escalot une jeune fille condamn\u00e9e \u00e0 ne jamais regarder le monde qu\u2019\u00e0 travers un miroir, qui finit par transgresser l\u2019interdit par amour et en mourir. Deus ex machina de la r\u00e9conciliation dans <em>La mort le roi Artu,<\/em> personnage \u00e0 qui la participation au monde est interdit dans Tennyson, la demoiselle d\u2019Escalot nous a donn\u00e9 envie de nous int\u00e9resser \u00e0 son cas, et plus largement \u00e0 celui du personnage secondaire. Qu\u2019est-ce que la disparition au th\u00e9\u00e2tre ? Qu\u2019est-ce qu\u2019un personnage \u00e0 qui le centre est interdit ? Qu\u2019est-ce que la d\u00e9personnalisation dans la relation amoureuse? Une plasticienne-performeuse, une com\u00e9dienne et un musicien, chacun avec leurs outils et leurs sensibilit\u00e9s, abordent cette question dans un univers visuel et onirique.<\/span><\/p>\t\t\t\t\t\t<\/div>\n\t\t\t\t<\/div>\n\t\t\t\t<div class=\"elementor-element elementor-element-c1afe74 elementor-widget elementor-widget-text-editor\" data-id=\"c1afe74\" data-element_type=\"widget\" data-widget_type=\"text-editor.default\">\n\t\t\t\t<div class=\"elementor-widget-container\">\n\t\t\t\t\t\t\t<p><span style=\"font-family: gravity-book; font-size: 10pt;\"><span style=\"font-family: gravity-bold; color: #00786e;\">PRODUCTION<\/span><br \/><span style=\"font-family: gravity-bold;\">Production<\/span> Th\u00e9\u00e2tre de l\u2019Heure<\/span><br \/><span style=\"font-family: gravity-book; font-size: 10pt;\"><span style=\"font-family: gravity-bold;\">Coproduction<\/span> Granit-Sc\u00e8ne nationale de Belfort<br \/><span style=\"font-family: gravity-bold;\">With the support of<\/span> la SPEDIDAM<\/span><\/p>\t\t\t\t\t\t<\/div>\n\t\t\t\t<\/div>\n\t\t\t\t\t<\/div>\n\t\t<\/div>\n\t\t\t\t<div class=\"elementor-column elementor-col-33 elementor-top-column elementor-element elementor-element-79ca6a5c\" data-id=\"79ca6a5c\" data-element_type=\"column\">\n\t\t\t<div class=\"elementor-widget-wrap elementor-element-populated\">\n\t\t\t\t\t\t<div class=\"elementor-element elementor-element-c945b3a elementor-widget elementor-widget-image\" data-id=\"c945b3a\" data-element_type=\"widget\" data-widget_type=\"image.default\">\n\t\t\t\t<div class=\"elementor-widget-container\">\n\t\t\t\t\t\t\t\t\t\t\t\t\t<img fetchpriority=\"high\" decoding=\"async\" width=\"768\" height=\"512\" src=\"https:\/\/www.dayfornight.fr\/wp-content\/uploads\/2023\/01\/P1010008.1-768x512.jpg\" class=\"attachment-medium_large size-medium_large wp-image-2276\" alt=\"\" srcset=\"https:\/\/www.dayfornight.fr\/wp-content\/uploads\/2023\/01\/P1010008.1-768x512.jpg 768w, https:\/\/www.dayfornight.fr\/wp-content\/uploads\/2023\/01\/P1010008.1-300x200.jpg 300w, https:\/\/www.dayfornight.fr\/wp-content\/uploads\/2023\/01\/P1010008.1-1024x683.jpg 1024w, https:\/\/www.dayfornight.fr\/wp-content\/uploads\/2023\/01\/P1010008.1-1536x1024.jpg 1536w, https:\/\/www.dayfornight.fr\/wp-content\/uploads\/2023\/01\/P1010008.1-2048x1365.jpg 2048w\" sizes=\"(max-width: 768px) 100vw, 768px\" \/>\t\t\t\t\t\t\t\t\t\t\t\t\t<\/div>\n\t\t\t\t<\/div>\n\t\t\t\t<div class=\"elementor-element elementor-element-159c208 elementor-widget elementor-widget-text-editor\" data-id=\"159c208\" data-element_type=\"widget\" data-widget_type=\"text-editor.default\">\n\t\t\t\t<div class=\"elementor-widget-container\">\n\t\t\t\t\t\t\t<p style=\"text-align: center;\"><span style=\"font-family: gravity-book; font-size: 8pt;\">\u00a9 Jean-Baptiste Pasquier<\/span><\/p>\t\t\t\t\t\t<\/div>\n\t\t\t\t<\/div>\n\t\t\t\t<div class=\"elementor-element elementor-element-62aa3e0 elementor-widget elementor-widget-text-editor\" data-id=\"62aa3e0\" data-element_type=\"widget\" data-widget_type=\"text-editor.default\">\n\t\t\t\t<div class=\"elementor-widget-container\">\n\t\t\t\t\t\t\t<p><span style=\"font-size: 10pt;\"><span style=\"font-family: gravity-book;\"><span style=\"font-family: gravity-bold; color: #00786e;\">CAST<\/span><br \/><\/span><span style=\"font-family: gravity-book;\">Texte et mise en sc\u00e8ne <span style=\"font-family: gravity-bold;\">Anne Monfort<\/span><\/span><\/span><br \/><span style=\"font-size: 10pt;\"><span style=\"font-family: gravity-book;\">With<span style=\"font-family: gravity-bold;\"> Baptiste Tann\u00e9 (musicien), Sol\u00e8ne Froissart (com\u00e9dienne), Charl\u00e8ne Strock (plasticienne et performeuse)<br \/><\/span><\/span><span style=\"font-family: gravity-book;\">Regard chor\u00e9graphique <span style=\"font-family: gravity-bold;\">Muriel Bourdeau<br \/><\/span><\/span><\/span><span style=\"font-family: gravity-book; font-size: 10pt;\">Sc\u00e9nographie <span style=\"font-family: gravity-bold;\">C\u00e9cilia Delestre<\/span><\/span><br \/><span style=\"font-family: gravity-book; font-size: 10pt;\">Light design<span style=\"font-family: gravity-bold;\"> C\u00e9cile Robin et Marie Bo\u00ebthas<\/span><\/span><br \/><span style=\"font-family: gravity-book; font-size: 10pt;\">Sound management <span style=\"font-family: gravity-bold;\">Emmanuel Richier<\/span><\/span><br \/><span style=\"font-family: gravity-book; font-size: 10pt;\">Soutien technique<span style=\"font-family: gravity-bold;\"> Fr\u00e9d\u00e9ric Blanc<\/span><\/span><\/p>\t\t\t\t\t\t<\/div>\n\t\t\t\t<\/div>\n\t\t\t\t<div class=\"elementor-element elementor-element-5529d26 elementor-widget elementor-widget-text-editor\" data-id=\"5529d26\" data-element_type=\"widget\" data-widget_type=\"text-editor.default\">\n\t\t\t\t<div class=\"elementor-widget-container\">\n\t\t\t\t\t\t\t<p><span style=\"font-family: gravity-bold; font-size: 10pt; color: #00786e;\">PERFORMANCE DATES<\/span><br \/><span style=\"font-family: gravity-book; font-size: 10pt;\"><span style=\"font-family: gravity-bold;\">Du 6 au 15 novembre 2009<\/span> | Cr\u00e9ation<br \/>Le Colombier \u2013 Bagnolet\u00a0<\/span><br \/><span style=\"font-family: gravity-book; font-size: 10pt;\"><span style=\"font-family: gravity-bold;\">Le 12 mars 2011\u00a0<\/span><br \/>Sc\u00e8nes du Jura \u2013 Lons le Saunier\u00a0<\/span><br \/><span style=\"font-family: gravity-book; font-size: 10pt;\"><span style=\"font-family: gravity-bold;\">Du 6\u00a0 au 25 juillet 2011<\/span> <br \/>Le GiraSole \u2013 Avignon\u00a0<\/span><br \/><span style=\"font-family: gravity-book; font-size: 10pt;\"><span style=\"font-family: gravity-bold;\">Du 15 au 17 d\u00e9cembre 2011<\/span> <br \/>Le Granit- Sc\u00e8ne nationale de Belfort\u00a0<\/span><\/p>\t\t\t\t\t\t<\/div>\n\t\t\t\t<\/div>\n\t\t\t\t\t<\/div>\n\t\t<\/div>\n\t\t\t\t\t<\/div>\n\t\t<\/section>\n\t\t\t\t<section class=\"elementor-section elementor-top-section elementor-element elementor-element-91d7e72 elementor-section-boxed elementor-section-height-default elementor-section-height-default\" data-id=\"91d7e72\" data-element_type=\"section\">\n\t\t\t\t\t\t<div class=\"elementor-container elementor-column-gap-default\">\n\t\t\t\t\t<div class=\"elementor-column elementor-col-100 elementor-top-column elementor-element elementor-element-a3c72ca\" data-id=\"a3c72ca\" data-element_type=\"column\">\n\t\t\t<div class=\"elementor-widget-wrap\">\n\t\t\t\t\t\t\t<\/div>\n\t\t<\/div>\n\t\t\t\t\t<\/div>\n\t\t<\/section>\n\t\t\t\t<\/div>","protected":false},"excerpt":{"rendered":"<p>________ tout le monde se fout de la demoiselle d&#8217;Escalot Notre politique de l&#8217;amour 1 CR\u00c9ATION 2009 La demoiselle d\u2019Escalot<\/p>","protected":false},"author":1,"featured_media":0,"parent":0,"menu_order":0,"comment_status":"closed","ping_status":"closed","template":"","meta":[],"_links":{"self":[{"href":"https:\/\/www.dayfornight.fr\/en\/wp-json\/wp\/v2\/pages\/277"}],"collection":[{"href":"https:\/\/www.dayfornight.fr\/en\/wp-json\/wp\/v2\/pages"}],"about":[{"href":"https:\/\/www.dayfornight.fr\/en\/wp-json\/wp\/v2\/types\/page"}],"author":[{"embeddable":true,"href":"https:\/\/www.dayfornight.fr\/en\/wp-json\/wp\/v2\/users\/1"}],"replies":[{"embeddable":true,"href":"https:\/\/www.dayfornight.fr\/en\/wp-json\/wp\/v2\/comments?post=277"}],"version-history":[{"count":15,"href":"https:\/\/www.dayfornight.fr\/en\/wp-json\/wp\/v2\/pages\/277\/revisions"}],"predecessor-version":[{"id":2804,"href":"https:\/\/www.dayfornight.fr\/en\/wp-json\/wp\/v2\/pages\/277\/revisions\/2804"}],"wp:attachment":[{"href":"https:\/\/www.dayfornight.fr\/en\/wp-json\/wp\/v2\/media?parent=277"}],"curies":[{"name":"wp","href":"https:\/\/api.w.org\/{rel}","templated":true}]}}