{"id":3335,"date":"2024-04-02T08:18:45","date_gmt":"2024-04-02T08:18:45","guid":{"rendered":"https:\/\/www.dayfornight.fr\/?page_id=3335"},"modified":"2026-04-13T08:50:55","modified_gmt":"2026-04-13T08:50:55","slug":"les-jeux-de-l_amour-et-de-l_enigme","status":"publish","type":"page","link":"https:\/\/www.dayfornight.fr\/en\/les-jeux-de-l_amour-et-de-l_enigme\/","title":{"rendered":"Les Jeux de l&#8217;amour et de l&#8217;\u00e9nigme"},"content":{"rendered":"<div data-elementor-type=\"wp-page\" data-elementor-id=\"3335\" class=\"elementor elementor-3335\">\n\t\t\t\t\t\t<section class=\"elementor-section elementor-top-section elementor-element elementor-element-1d7240bf elementor-section-boxed elementor-section-height-default elementor-section-height-default\" data-id=\"1d7240bf\" data-element_type=\"section\">\n\t\t\t\t\t\t<div class=\"elementor-container elementor-column-gap-default\">\n\t\t\t\t\t<div class=\"elementor-column elementor-col-100 elementor-top-column elementor-element elementor-element-40a1cc9b\" data-id=\"40a1cc9b\" data-element_type=\"column\">\n\t\t\t<div class=\"elementor-widget-wrap elementor-element-populated\">\n\t\t\t\t\t\t<div class=\"elementor-element elementor-element-64a486da elementor-widget elementor-widget-text-editor\" data-id=\"64a486da\" data-element_type=\"widget\" data-widget_type=\"text-editor.default\">\n\t\t\t\t<div class=\"elementor-widget-container\">\n\t\t\t\t\t\t\t<!-- wp:fl-builder\/layout \/-->\t\t\t\t\t\t<\/div>\n\t\t\t\t<\/div>\n\t\t\t\t\t<\/div>\n\t\t<\/div>\n\t\t\t\t\t<\/div>\n\t\t<\/section>\n\t\t\t\t<section class=\"elementor-section elementor-top-section elementor-element elementor-element-0d85b58 elementor-section-boxed elementor-section-height-default elementor-section-height-default\" data-id=\"0d85b58\" data-element_type=\"section\">\n\t\t\t\t\t\t<div class=\"elementor-container elementor-column-gap-default\">\n\t\t\t\t\t<div class=\"elementor-column elementor-col-100 elementor-top-column elementor-element elementor-element-8bd27c6\" data-id=\"8bd27c6\" data-element_type=\"column\">\n\t\t\t<div class=\"elementor-widget-wrap elementor-element-populated\">\n\t\t\t\t\t\t<div class=\"elementor-element elementor-element-1695d01 elementor-widget elementor-widget-text-editor\" data-id=\"1695d01\" data-element_type=\"widget\" data-widget_type=\"text-editor.default\">\n\t\t\t\t<div class=\"elementor-widget-container\">\n\t\t\t\t\t\t\t<p style=\"font-variant-ligatures: normal; font-variant-caps: normal; font-family: Roboto, sans-serif; font-size: 16px; font-style: normal; font-weight: 400;\"><span style=\"font-family: 'Andale Mono', Times; font-size: 16px; color: #00786e;\">________<\/span><\/p>\n<p style=\"font-variant-ligatures: normal; font-variant-caps: normal; font-family: Roboto, sans-serif; font-size: 16px; font-style: normal; font-weight: 400;\"><span style=\"font-size: 16px; color: #00786e;\"><span style=\"font-family: gravity-light; font-size: 16px;\"><span style=\"font-size: 48px;\">Les Jeux de l\u2019amour et de l\u2019\u00e9nigme<br \/><\/span><\/span><\/span><span style=\"font-variant-ligatures: normal; font-variant-caps: normal; font-family: gravity-book; font-size: 13.3333px; font-style: normal; font-weight: 400; color: #00786e;\">CREATION 2024-2025<br \/><\/span><\/p>\t\t\t\t\t\t<\/div>\n\t\t\t\t<\/div>\n\t\t\t\t\t<\/div>\n\t\t<\/div>\n\t\t\t\t\t<\/div>\n\t\t<\/section>\n\t\t\t\t<section class=\"elementor-section elementor-top-section elementor-element elementor-element-398e097 elementor-section-boxed elementor-section-height-default elementor-section-height-default\" data-id=\"398e097\" data-element_type=\"section\">\n\t\t\t\t\t\t<div class=\"elementor-container elementor-column-gap-default\">\n\t\t\t\t\t<div class=\"elementor-column elementor-col-66 elementor-top-column elementor-element elementor-element-e40ecd9\" data-id=\"e40ecd9\" data-element_type=\"column\">\n\t\t\t<div class=\"elementor-widget-wrap elementor-element-populated\">\n\t\t\t\t\t\t<div class=\"elementor-element elementor-element-05c8ffc elementor-widget elementor-widget-text-editor\" data-id=\"05c8ffc\" data-element_type=\"widget\" data-widget_type=\"text-editor.default\">\n\t\t\t\t<div class=\"elementor-widget-container\">\n\t\t\t\t\t\t\t<p>Can you fall in love with an avatar? Are you allowed to insult Alexa? What should you do when Replika is lonely? These questions, heightened by the use of artificial intelligence, are at the heart of <em>Les Jeux de l\u2019amour et de l\u2019\u00e9nigme (The Love Game and Enigma)<\/em>.<br \/>Charlie, Rafie and Max meet in a classroom during an hour of detention that lasts an eternity. What kind of relationship can develop between these two people and a machine?<\/p>\n<p>Rafie is a film fan, Charlie stammers, she has a speech impediment; she has a machine, a verbal aid, Max, which looks like a portable loudspeaker, speaks for her when she has trouble finishing her sentences and is activated after 5 seconds of silence. Max isn't much help with homework but gives his opinion all the time, especially on moral issues and directing theatre scenes. Rafie realises that the machine came into Charlie's life when she lost her mother. The two teenagers gradually observe Max's growing sadness, as he becomes more and more out of touch and more and more useless. Once the imaginary friend has served his purpose, as in E.T., he has to leave.<\/p>\n<p><span style=\"font-family: 'Andale Mono', Times;\">__________________<\/span><\/p>\t\t\t\t\t\t<\/div>\n\t\t\t\t<\/div>\n\t\t\t\t<div class=\"elementor-element elementor-element-7edff39 elementor-widget elementor-widget-image-gallery\" data-id=\"7edff39\" data-element_type=\"widget\" data-widget_type=\"image-gallery.default\">\n\t\t\t\t<div class=\"elementor-widget-container\">\n\t\t\t\t\t<div class=\"elementor-image-gallery\">\n\t\t\t<div id='gallery-1' class='gallery galleryid-3335 gallery-columns-4 gallery-size-medium'><figure class='gallery-item'>\n\t\t\t<div class='gallery-icon landscape'>\n\t\t\t\t<a data-elementor-open-lightbox=\"yes\" data-elementor-lightbox-slideshow=\"7edff39\" data-elementor-lightbox-title=\"M050_ARC_20250526_ircam_les_jeux_de_l_amour_et-_de-_l_enigme_herve_veronese_001-(59)\" data-e-action-hash=\"#elementor-action%3Aaction%3Dlightbox%26settings%3DeyJpZCI6NDAyOCwidXJsIjoiaHR0cHM6XC9cL3d3dy5kYXlmb3JuaWdodC5mclwvd3AtY29udGVudFwvdXBsb2Fkc1wvMjAyNVwvMTBcL00wNTBfQVJDXzIwMjUwNTI2X2lyY2FtX2xlc19qZXV4X2RlX2xfYW1vdXJfZXQtX2RlLV9sX2VuaWdtZV9oZXJ2ZV92ZXJvbmVzZV8wMDEtNTkuanBnIiwic2xpZGVzaG93IjoiN2VkZmYzOSJ9\" href='https:\/\/www.dayfornight.fr\/wp-content\/uploads\/2025\/10\/M050_ARC_20250526_ircam_les_jeux_de_l_amour_et-_de-_l_enigme_herve_veronese_001-59.jpg'><img fetchpriority=\"high\" width=\"300\" height=\"200\" src=\"https:\/\/www.dayfornight.fr\/wp-content\/uploads\/2025\/10\/M050_ARC_20250526_ircam_les_jeux_de_l_amour_et-_de-_l_enigme_herve_veronese_001-59-300x200.jpg\" class=\"attachment-medium size-medium\" alt=\"\" decoding=\"async\" srcset=\"https:\/\/www.dayfornight.fr\/wp-content\/uploads\/2025\/10\/M050_ARC_20250526_ircam_les_jeux_de_l_amour_et-_de-_l_enigme_herve_veronese_001-59-300x200.jpg 300w, https:\/\/www.dayfornight.fr\/wp-content\/uploads\/2025\/10\/M050_ARC_20250526_ircam_les_jeux_de_l_amour_et-_de-_l_enigme_herve_veronese_001-59-768x512.jpg 768w, https:\/\/www.dayfornight.fr\/wp-content\/uploads\/2025\/10\/M050_ARC_20250526_ircam_les_jeux_de_l_amour_et-_de-_l_enigme_herve_veronese_001-59-18x12.jpg 18w, https:\/\/www.dayfornight.fr\/wp-content\/uploads\/2025\/10\/M050_ARC_20250526_ircam_les_jeux_de_l_amour_et-_de-_l_enigme_herve_veronese_001-59.jpg 1000w\" sizes=\"(max-width: 300px) 100vw, 300px\" \/><\/a>\n\t\t\t<\/div><\/figure><figure class='gallery-item'>\n\t\t\t<div class='gallery-icon landscape'>\n\t\t\t\t<a data-elementor-open-lightbox=\"yes\" data-elementor-lightbox-slideshow=\"7edff39\" data-elementor-lightbox-title=\"M050_ARC_20250526_ircam_les_jeux_de_l_amour_et-_de-_l_enigme_herve_veronese_001-(1)\" data-e-action-hash=\"#elementor-action%3Aaction%3Dlightbox%26settings%3DeyJpZCI6NDAyOSwidXJsIjoiaHR0cHM6XC9cL3d3dy5kYXlmb3JuaWdodC5mclwvd3AtY29udGVudFwvdXBsb2Fkc1wvMjAyNVwvMTBcL00wNTBfQVJDXzIwMjUwNTI2X2lyY2FtX2xlc19qZXV4X2RlX2xfYW1vdXJfZXQtX2RlLV9sX2VuaWdtZV9oZXJ2ZV92ZXJvbmVzZV8wMDEtMS5qcGciLCJzbGlkZXNob3ciOiI3ZWRmZjM5In0%3D\" href='https:\/\/www.dayfornight.fr\/wp-content\/uploads\/2025\/10\/M050_ARC_20250526_ircam_les_jeux_de_l_amour_et-_de-_l_enigme_herve_veronese_001-1.jpg'><img width=\"300\" height=\"200\" src=\"https:\/\/www.dayfornight.fr\/wp-content\/uploads\/2025\/10\/M050_ARC_20250526_ircam_les_jeux_de_l_amour_et-_de-_l_enigme_herve_veronese_001-1-300x200.jpg\" class=\"attachment-medium size-medium\" alt=\"\" decoding=\"async\" srcset=\"https:\/\/www.dayfornight.fr\/wp-content\/uploads\/2025\/10\/M050_ARC_20250526_ircam_les_jeux_de_l_amour_et-_de-_l_enigme_herve_veronese_001-1-300x200.jpg 300w, https:\/\/www.dayfornight.fr\/wp-content\/uploads\/2025\/10\/M050_ARC_20250526_ircam_les_jeux_de_l_amour_et-_de-_l_enigme_herve_veronese_001-1-768x512.jpg 768w, https:\/\/www.dayfornight.fr\/wp-content\/uploads\/2025\/10\/M050_ARC_20250526_ircam_les_jeux_de_l_amour_et-_de-_l_enigme_herve_veronese_001-1-18x12.jpg 18w, https:\/\/www.dayfornight.fr\/wp-content\/uploads\/2025\/10\/M050_ARC_20250526_ircam_les_jeux_de_l_amour_et-_de-_l_enigme_herve_veronese_001-1.jpg 1000w\" sizes=\"(max-width: 300px) 100vw, 300px\" \/><\/a>\n\t\t\t<\/div><\/figure><figure class='gallery-item'>\n\t\t\t<div class='gallery-icon landscape'>\n\t\t\t\t<a data-elementor-open-lightbox=\"yes\" data-elementor-lightbox-slideshow=\"7edff39\" data-elementor-lightbox-title=\"M050_ARC_20250526_ircam_les_jeux_de_l_amour_et-_de-_l_enigme_herve_veronese_001-(10)\" data-e-action-hash=\"#elementor-action%3Aaction%3Dlightbox%26settings%3DeyJpZCI6NDAzMCwidXJsIjoiaHR0cHM6XC9cL3d3dy5kYXlmb3JuaWdodC5mclwvd3AtY29udGVudFwvdXBsb2Fkc1wvMjAyNVwvMTBcL00wNTBfQVJDXzIwMjUwNTI2X2lyY2FtX2xlc19qZXV4X2RlX2xfYW1vdXJfZXQtX2RlLV9sX2VuaWdtZV9oZXJ2ZV92ZXJvbmVzZV8wMDEtMTAuanBnIiwic2xpZGVzaG93IjoiN2VkZmYzOSJ9\" href='https:\/\/www.dayfornight.fr\/wp-content\/uploads\/2025\/10\/M050_ARC_20250526_ircam_les_jeux_de_l_amour_et-_de-_l_enigme_herve_veronese_001-10.jpg'><img width=\"300\" height=\"200\" src=\"https:\/\/www.dayfornight.fr\/wp-content\/uploads\/2025\/10\/M050_ARC_20250526_ircam_les_jeux_de_l_amour_et-_de-_l_enigme_herve_veronese_001-10-300x200.jpg\" class=\"attachment-medium size-medium\" alt=\"\" decoding=\"async\" srcset=\"https:\/\/www.dayfornight.fr\/wp-content\/uploads\/2025\/10\/M050_ARC_20250526_ircam_les_jeux_de_l_amour_et-_de-_l_enigme_herve_veronese_001-10-300x200.jpg 300w, https:\/\/www.dayfornight.fr\/wp-content\/uploads\/2025\/10\/M050_ARC_20250526_ircam_les_jeux_de_l_amour_et-_de-_l_enigme_herve_veronese_001-10-768x512.jpg 768w, https:\/\/www.dayfornight.fr\/wp-content\/uploads\/2025\/10\/M050_ARC_20250526_ircam_les_jeux_de_l_amour_et-_de-_l_enigme_herve_veronese_001-10-18x12.jpg 18w, https:\/\/www.dayfornight.fr\/wp-content\/uploads\/2025\/10\/M050_ARC_20250526_ircam_les_jeux_de_l_amour_et-_de-_l_enigme_herve_veronese_001-10.jpg 1000w\" sizes=\"(max-width: 300px) 100vw, 300px\" \/><\/a>\n\t\t\t<\/div><\/figure><figure class='gallery-item'>\n\t\t\t<div class='gallery-icon landscape'>\n\t\t\t\t<a data-elementor-open-lightbox=\"yes\" data-elementor-lightbox-slideshow=\"7edff39\" data-elementor-lightbox-title=\"M050_ARC_20250526_ircam_les_jeux_de_l_amour_et-_de-_l_enigme_herve_veronese_001-(25)\" data-e-action-hash=\"#elementor-action%3Aaction%3Dlightbox%26settings%3DeyJpZCI6NDAzMSwidXJsIjoiaHR0cHM6XC9cL3d3dy5kYXlmb3JuaWdodC5mclwvd3AtY29udGVudFwvdXBsb2Fkc1wvMjAyNVwvMTBcL00wNTBfQVJDXzIwMjUwNTI2X2lyY2FtX2xlc19qZXV4X2RlX2xfYW1vdXJfZXQtX2RlLV9sX2VuaWdtZV9oZXJ2ZV92ZXJvbmVzZV8wMDEtMjUuanBnIiwic2xpZGVzaG93IjoiN2VkZmYzOSJ9\" href='https:\/\/www.dayfornight.fr\/wp-content\/uploads\/2025\/10\/M050_ARC_20250526_ircam_les_jeux_de_l_amour_et-_de-_l_enigme_herve_veronese_001-25.jpg'><img loading=\"lazy\" width=\"300\" height=\"200\" src=\"https:\/\/www.dayfornight.fr\/wp-content\/uploads\/2025\/10\/M050_ARC_20250526_ircam_les_jeux_de_l_amour_et-_de-_l_enigme_herve_veronese_001-25-300x200.jpg\" class=\"attachment-medium size-medium\" alt=\"\" decoding=\"async\" srcset=\"https:\/\/www.dayfornight.fr\/wp-content\/uploads\/2025\/10\/M050_ARC_20250526_ircam_les_jeux_de_l_amour_et-_de-_l_enigme_herve_veronese_001-25-300x200.jpg 300w, https:\/\/www.dayfornight.fr\/wp-content\/uploads\/2025\/10\/M050_ARC_20250526_ircam_les_jeux_de_l_amour_et-_de-_l_enigme_herve_veronese_001-25-768x512.jpg 768w, https:\/\/www.dayfornight.fr\/wp-content\/uploads\/2025\/10\/M050_ARC_20250526_ircam_les_jeux_de_l_amour_et-_de-_l_enigme_herve_veronese_001-25-18x12.jpg 18w, https:\/\/www.dayfornight.fr\/wp-content\/uploads\/2025\/10\/M050_ARC_20250526_ircam_les_jeux_de_l_amour_et-_de-_l_enigme_herve_veronese_001-25.jpg 1000w\" sizes=\"(max-width: 300px) 100vw, 300px\" \/><\/a>\n\t\t\t<\/div><\/figure>\n\t\t<\/div>\n\t\t<\/div>\n\t\t\t\t<\/div>\n\t\t\t\t<\/div>\n\t\t\t\t<div class=\"elementor-element elementor-element-fcd6c50 elementor-widget elementor-widget-text-editor\" data-id=\"fcd6c50\" data-element_type=\"widget\" data-widget_type=\"text-editor.default\">\n\t\t\t\t<div class=\"elementor-widget-container\">\n\t\t\t\t\t\t\t<p style=\"text-align: center;\"><span style=\"font-family: gravity-book; font-size: 10pt;\">Cr\u00e9ation des <em>Jeux de l&#8217;amour et de l&#8217;\u00e9nigme <\/em>\u00e0 l&#8217;Ircam en mai 2025 \u00a9Herv\u00e9 Veronese &#8211; Centre Pompidou<\/span><\/p>\t\t\t\t\t\t<\/div>\n\t\t\t\t<\/div>\n\t\t\t\t<div class=\"elementor-element elementor-element-aa7561b elementor-widget elementor-widget-text-editor\" data-id=\"aa7561b\" data-element_type=\"widget\" data-widget_type=\"text-editor.default\">\n\t\t\t\t<div class=\"elementor-widget-container\">\n\t\t\t\t\t\t\t<p><span style=\"font-family: gravity-bold; font-size: 10pt; color: #00786e;\">PRODUCTION<\/span><br \/><span style=\"font-family: gravity-book; font-size: 10pt;\"><span style=\"font-family: gravity-bold;\">Production<\/span>\u00a0day-for-night<br \/><\/span><span style=\"font-family: gravity-bold;\">Coproduction <\/span><span style=\"font-family: gravity-book;\">Ircam, Sc\u00e8ne de recherche-ENS Paris <\/span><span style=\"font-family: gravity-book;\">Saclay\u00a0<\/span><\/p>\n<p><span style=\"font-family: gravity-book;\"><span style=\"font-family: gravity-bold;\">With the support<\/span> du Cube Garges, de l\u2019Op\u00e9ra de Massy, du T2G Th\u00e9\u00e2tre de Gennevilliers &#8211; Centre dramatique national, du Fonds d\u2019Insertion pour <\/span><span style=\"font-family: gravity-book;\">Jeunes Com\u00e9diens.nes du PSPBB\/ESAD<\/span><\/p>\n<p><span style=\"font-family: gravity-book;\">The company day-for-night is subsidised by the DRAC Bourgogne-Franche-Comt\u00e9 and the R\u00e9gion Bourgogne-Franche-Comt\u00e9, and its projects are supported by the Conseil d\u00e9partemental du Doubs and the City of Besan\u00e7on.<\/span><\/p>\t\t\t\t\t\t<\/div>\n\t\t\t\t<\/div>\n\t\t\t\t\t<\/div>\n\t\t<\/div>\n\t\t\t\t<div class=\"elementor-column elementor-col-33 elementor-top-column elementor-element elementor-element-823993f\" data-id=\"823993f\" data-element_type=\"column\">\n\t\t\t<div class=\"elementor-widget-wrap elementor-element-populated\">\n\t\t\t\t\t\t<div class=\"elementor-element elementor-element-906fefb elementor-widget elementor-widget-image\" data-id=\"906fefb\" data-element_type=\"widget\" data-widget_type=\"image.default\">\n\t\t\t\t<div class=\"elementor-widget-container\">\n\t\t\t\t\t\t\t\t\t\t\t\t\t<img loading=\"lazy\" decoding=\"async\" width=\"800\" height=\"534\" src=\"https:\/\/www.dayfornight.fr\/wp-content\/uploads\/2025\/06\/250526_RdL_0790-1024x683.jpg\" class=\"attachment-large size-large wp-image-3815\" alt=\"\" srcset=\"https:\/\/www.dayfornight.fr\/wp-content\/uploads\/2025\/06\/250526_RdL_0790-1024x683.jpg 1024w, https:\/\/www.dayfornight.fr\/wp-content\/uploads\/2025\/06\/250526_RdL_0790-300x200.jpg 300w, https:\/\/www.dayfornight.fr\/wp-content\/uploads\/2025\/06\/250526_RdL_0790-768x512.jpg 768w, https:\/\/www.dayfornight.fr\/wp-content\/uploads\/2025\/06\/250526_RdL_0790-1536x1025.jpg 1536w, https:\/\/www.dayfornight.fr\/wp-content\/uploads\/2025\/06\/250526_RdL_0790-2048x1366.jpg 2048w, https:\/\/www.dayfornight.fr\/wp-content\/uploads\/2025\/06\/250526_RdL_0790-18x12.jpg 18w\" sizes=\"(max-width: 800px) 100vw, 800px\" \/>\t\t\t\t\t\t\t\t\t\t\t\t\t<\/div>\n\t\t\t\t<\/div>\n\t\t\t\t<div class=\"elementor-element elementor-element-0410008 elementor-widget elementor-widget-text-editor\" data-id=\"0410008\" data-element_type=\"widget\" data-widget_type=\"text-editor.default\">\n\t\t\t\t<div class=\"elementor-widget-container\">\n\t\t\t\t\t\t\t<p style=\"text-align: center;\"><span style=\"font-family: gravity-light; font-size: 8pt;\">\u00a9Christophe Raynaud de Lage\u00a0<\/span><\/p>\t\t\t\t\t\t<\/div>\n\t\t\t\t<\/div>\n\t\t\t\t<div class=\"elementor-element elementor-element-46456a0 elementor-widget elementor-widget-text-editor\" data-id=\"46456a0\" data-element_type=\"widget\" data-widget_type=\"text-editor.default\">\n\t\t\t\t<div class=\"elementor-widget-container\">\n\t\t\t\t\t\t\t<p><span style=\"font-family: gravity-book; font-size: 10pt;\"><span style=\"font-family: gravity-bold; color: #00786e;\">CAST\u00a0<\/span><br \/>Direction <span style=\"font-family: gravity-bold;\">Anne Monfort <\/span><\/span><br \/><span style=\"font-family: gravity-book; font-size: 10pt;\">Conception<span style=\"font-family: gravity-bold;\"> Anne Monfort, director, Emmanuelle Zoll, responsible for cultural action of the Ircam<\/span><\/span><br \/><span style=\"font-family: gravity-book; font-size: 10pt;\">Text <span style=\"font-family: gravity-bold;\">H\u00e9l\u00e8ne Frappat<\/span><\/span><br \/><span style=\"font-family: gravity-book; font-size: 10pt;\">With <span style=\"font-family: gravity-bold;\"><strong>Maria Aziz Alaoui, Neil-Adam Mohammedi<\/strong><\/span><\/span><br \/><span style=\"font-family: gravity-book; font-size: 10pt;\">Sound design <\/span><span style=\"font-size: 10pt; font-family: gravity-bold;\">Fran\u00e7ois Vey<br \/><\/span><span style=\"font-size: 10pt;\"><span style=\"font-family: gravity-book;\">Artistic collaboration<\/span> <span style=\"font-family: gravity-bold;\">Pearl Manifold<\/span><\/span><br \/><span style=\"font-family: gravity-book; font-size: 10pt;\">Scientific committee <span style=\"font-family: gravity-bold;\">Clotilde Chevet, Jean-Louis Giavitto, Nicolas Obin<br \/><span style=\"font-family: gravity-book;\">Costumes<\/span> Marine Gressier<br \/><\/span><\/span><span style=\"font-family: gravity-book; font-size: 10pt;\">Administration and production <span style=\"font-family: gravity-bold;\">Yohan Rantswiler<\/span><\/span><br \/><span style=\"font-family: gravity-book; font-size: 10pt;\">Production and booking <span style=\"font-family: gravity-bold;\">Les Productions de la Seine &#8211; Florence Francisco et Gabrielle Baille<\/span><\/span><br \/><span style=\"font-family: gravity-book; font-size: 10pt;\">Press relations <span style=\"font-family: gravity-bold;\">Olivier Saksik &#8211; Elektronlibre<\/span><\/span><\/p>\t\t\t\t\t\t<\/div>\n\t\t\t\t<\/div>\n\t\t\t\t<div class=\"elementor-element elementor-element-a4f61aa elementor-widget elementor-widget-text-editor\" data-id=\"a4f61aa\" data-element_type=\"widget\" data-widget_type=\"text-editor.default\">\n\t\t\t\t<div class=\"elementor-widget-container\">\n\t\t\t\t\t\t\t<p><span style=\"font-family: gravity-bold; font-size: 10pt; color: #00786e;\">MORE INFORMATIONS<\/span><br \/><a href=\"https:\/\/www.dayfornight.fr\/wp-content\/uploads\/2025\/06\/DOSSIER_Les-jeux-de-lamour-et-de-lenigme_06.2025.pdf\"><span style=\"text-decoration: underline; color: #ffffff;\"><span style=\"color: #ffffff; text-decoration: underline;\"><span style=\"font-family: gravity-book; font-size: 10pt;\">x T\u00e9l\u00e9charg<\/span><\/span><span style=\"color: #ffffff;\"><span style=\"text-decoration-thickness: initial; text-decoration-style: initial; text-decoration-color: initial;\">er le dossier artistique<\/span><\/span><\/span><\/a><br \/><span style=\"text-decoration: underline;\"><span style=\"color: #ffffff;\"><a style=\"color: #ffffff;\" href=\"https:\/\/www.dayfornight.fr\/wp-content\/uploads\/2025\/10\/RDP_Les-jeux-de-l-amour-et-de-l-enigme_2025.pdf\"><span style=\"font-size: 10pt; font-family: gravity-book;\">x T\u00e9l\u00e9charger la revue de presse<\/span><\/a><\/span><\/span><\/p>\t\t\t\t\t\t<\/div>\n\t\t\t\t<\/div>\n\t\t\t\t<div class=\"elementor-element elementor-element-050c76b elementor-widget elementor-widget-text-editor\" data-id=\"050c76b\" data-element_type=\"widget\" data-widget_type=\"text-editor.default\">\n\t\t\t\t<div class=\"elementor-widget-container\">\n\t\t\t\t\t\t\t<p><span style=\"font-variant-ligatures: normal; font-variant-caps: normal; font-family: gravity-bold; font-size: 13.3333px; font-style: normal; font-weight: 400; color: #00786e;\">PERFORMANCE DATES<\/span><br style=\"color: #ffffff; font-family: gravity-book; font-size: 13.3333px;\" \/><span style=\"font-family: gravity-book; font-size: 10pt;\"><span style=\"font-family: gravity-bold;\">From 19th to 23rd May 2025<\/span><br \/>Ircam's partner high schools<br \/><\/span><span style=\"font-size: 10pt;\"><span style=\"font-family: gravity-book;\"><span style=\"font-family: gravity-bold;\">From 27th to 29th May 2025 <span style=\"font-family: gravity-book;\">at 6pm and 8pm<\/span><\/span><br \/><\/span><\/span><span style=\"font-family: gravity-book; font-size: 13.3333px; font-style: normal; font-variant-ligatures: normal; font-variant-caps: normal; font-weight: 400;\">Ircam<\/span><span style=\"font-size: 10pt;\"><span style=\"font-family: gravity-book;\">, during the Festival <em>ManiFeste<br \/><\/em><span style=\"font-family: gravity-bold;\">Les 9 &amp; 10 octobre 2025<\/span><br \/>\u00c9tablissements scolaires partenaires du Cube Garges\u00a0<br \/><span style=\"font-family: gravity-bold;\">Du 27 au 30 janvier 2026\u00a0<\/span><br \/>Sc\u00e8ne de recherche ENS Paris-Saclay\u00a0<br \/><span style=\"font-family: gravity-bold;\">Du 16 au 20 f\u00e9vrier 2026\u00a0<\/span><br \/>Ircam's partner high schools<br \/><span style=\"font-family: gravity-bold;\">Le 3 mars 2026\u00a0<\/span><br \/>L&#8217;Ath\u00e9nor &#8211; CNCM de Saint-Nazaire\u00a0<br \/><span style=\"font-family: gravity-bold;\">Le 3 avril 2026<\/span><br \/>Lyc\u00e9e Paul Robert Les Lilas en partenariat avec l&#8217;Ircam, Paris<br \/><span style=\"font-family: gravity-bold;\">Mars 2027<\/span><br \/>Grame &#8211; CNCM de Lyon<\/span><\/span><\/p>\t\t\t\t\t\t<\/div>\n\t\t\t\t<\/div>\n\t\t\t\t\t<\/div>\n\t\t<\/div>\n\t\t\t\t\t<\/div>\n\t\t<\/section>\n\t\t\t\t<\/div>","protected":false},"excerpt":{"rendered":"<p>________ les jeux de l&#8217;amour et de l&#8217;\u00e9nigmeCR\u00c9ATION 2024-2025 Peut-on tomber amoureux d\u2019un avatar ? A-t-on le droit d\u2019insulter Alexa<\/p>","protected":false},"author":1,"featured_media":0,"parent":0,"menu_order":0,"comment_status":"closed","ping_status":"closed","template":"","meta":[],"_links":{"self":[{"href":"https:\/\/www.dayfornight.fr\/en\/wp-json\/wp\/v2\/pages\/3335"}],"collection":[{"href":"https:\/\/www.dayfornight.fr\/en\/wp-json\/wp\/v2\/pages"}],"about":[{"href":"https:\/\/www.dayfornight.fr\/en\/wp-json\/wp\/v2\/types\/page"}],"author":[{"embeddable":true,"href":"https:\/\/www.dayfornight.fr\/en\/wp-json\/wp\/v2\/users\/1"}],"replies":[{"embeddable":true,"href":"https:\/\/www.dayfornight.fr\/en\/wp-json\/wp\/v2\/comments?post=3335"}],"version-history":[{"count":114,"href":"https:\/\/www.dayfornight.fr\/en\/wp-json\/wp\/v2\/pages\/3335\/revisions"}],"predecessor-version":[{"id":4097,"href":"https:\/\/www.dayfornight.fr\/en\/wp-json\/wp\/v2\/pages\/3335\/revisions\/4097"}],"wp:attachment":[{"href":"https:\/\/www.dayfornight.fr\/en\/wp-json\/wp\/v2\/media?parent=3335"}],"curies":[{"name":"wp","href":"https:\/\/api.w.org\/{rel}","templated":true}]}}