{"id":3642,"date":"2025-02-07T16:38:27","date_gmt":"2025-02-07T16:38:27","guid":{"rendered":"https:\/\/www.dayfornight.fr\/?page_id=3642"},"modified":"2025-02-11T10:51:00","modified_gmt":"2025-02-11T10:51:00","slug":"avec-textes-en-paroles","status":"publish","type":"page","link":"https:\/\/www.dayfornight.fr\/en\/avec-textes-en-paroles\/","title":{"rendered":"With Textes En Paroles"},"content":{"rendered":"<div data-elementor-type=\"wp-page\" data-elementor-id=\"3642\" class=\"elementor elementor-3642\">\n\t\t\t\t\t\t<section class=\"elementor-section elementor-top-section elementor-element elementor-element-63ab01cb elementor-section-boxed elementor-section-height-default elementor-section-height-default\" data-id=\"63ab01cb\" data-element_type=\"section\">\n\t\t\t\t\t\t<div class=\"elementor-container elementor-column-gap-default\">\n\t\t\t\t\t<div class=\"elementor-column elementor-col-100 elementor-top-column elementor-element elementor-element-1f067023\" data-id=\"1f067023\" data-element_type=\"column\">\n\t\t\t<div class=\"elementor-widget-wrap elementor-element-populated\">\n\t\t\t\t\t\t<div class=\"elementor-element elementor-element-3b8da10e elementor-widget elementor-widget-text-editor\" data-id=\"3b8da10e\" data-element_type=\"widget\" data-widget_type=\"text-editor.default\">\n\t\t\t\t<div class=\"elementor-widget-container\">\n\t\t\t\t\t\t\t<!-- wp:fl-builder\/layout \/-->\t\t\t\t\t\t<\/div>\n\t\t\t\t<\/div>\n\t\t\t\t\t<\/div>\n\t\t<\/div>\n\t\t\t\t\t<\/div>\n\t\t<\/section>\n\t\t\t\t<section class=\"elementor-section elementor-top-section elementor-element elementor-element-90d4064 elementor-section-boxed elementor-section-height-default elementor-section-height-default\" data-id=\"90d4064\" data-element_type=\"section\">\n\t\t\t\t\t\t<div class=\"elementor-container elementor-column-gap-default\">\n\t\t\t\t\t<div class=\"elementor-column elementor-col-100 elementor-top-column elementor-element elementor-element-fcc4932\" data-id=\"fcc4932\" data-element_type=\"column\">\n\t\t\t<div class=\"elementor-widget-wrap elementor-element-populated\">\n\t\t\t\t\t\t<div class=\"elementor-element elementor-element-1bda6e6 elementor-widget elementor-widget-heading\" data-id=\"1bda6e6\" data-element_type=\"widget\" data-widget_type=\"heading.default\">\n\t\t\t\t<div class=\"elementor-widget-container\">\n\t\t\t<h2 class=\"elementor-heading-title elementor-size-default\"><span style=\"font-variant-ligatures: normal; font-variant-caps: normal; font-family: Roboto, sans-serif; font-size: 16px; font-style: normal; font-weight: 400; white-space-collapse: collapse; color: rgb(0, 120, 110);\">________<br><\/span><span style=\"font-variant-ligatures: normal; font-variant-caps: normal; font-family: gravity-light; font-size: 36pt; font-style: normal; font-weight: 400; white-space-collapse: collapse; color: rgb(0, 120, 110);\">avec textes en paroles<\/span><\/h2>\t\t<\/div>\n\t\t\t\t<\/div>\n\t\t\t\t\t<\/div>\n\t\t<\/div>\n\t\t\t\t\t<\/div>\n\t\t<\/section>\n\t\t\t\t<section class=\"elementor-section elementor-top-section elementor-element elementor-element-31063be elementor-section-boxed elementor-section-height-default elementor-section-height-default\" data-id=\"31063be\" data-element_type=\"section\">\n\t\t\t\t\t\t<div class=\"elementor-container elementor-column-gap-default\">\n\t\t\t\t\t<div class=\"elementor-column elementor-col-100 elementor-top-column elementor-element elementor-element-2ca7429\" data-id=\"2ca7429\" data-element_type=\"column\">\n\t\t\t<div class=\"elementor-widget-wrap elementor-element-populated\">\n\t\t\t\t\t\t<div class=\"elementor-element elementor-element-f161a2a elementor-widget elementor-widget-text-editor\" data-id=\"f161a2a\" data-element_type=\"widget\" data-widget_type=\"text-editor.default\">\n\t\t\t\t<div class=\"elementor-widget-container\">\n\t\t\t\t\t\t\t<p><span style=\"font-family: gravity-book; font-size: 12pt;\">La rencontre entre Anne Monfort et Textes En Paroles s&#8217;est dans un premier temps d\u00e9roul\u00e9 dans le cadre des modules des Chantiers Nomades, organisme de formation pour lequel Textes En Paroles assure l\u2019interface en Guadeloupe. Suite \u00e0 cette collaboration fructueuse, l&#8217;envie de poursuivre sur le long terme les passerelles et projets entre les structures est n\u00e9e.\u00a0<\/span><\/p>\t\t\t\t\t\t<\/div>\n\t\t\t\t<\/div>\n\t\t\t\t<div class=\"elementor-element elementor-element-952fdb3 elementor-widget elementor-widget-text-editor\" data-id=\"952fdb3\" data-element_type=\"widget\" data-widget_type=\"text-editor.default\">\n\t\t\t\t<div class=\"elementor-widget-container\">\n\t\t\t\t\t\t\t<p><span style=\"font-family: gravity-bold; font-size: 12pt; color: #00786e;\">LA MIGRATION DES COEURS\u00a0<br \/><\/span><span style=\"font-family: gravity-book; font-size: 12pt;\">Pour la cr\u00e9ation 2025-2026 de la compagnie day-for-night, <em>La Migration des c\u0153urs, <\/em>une nouvelle collaboration avec Textes En Paroles s&#8217;est tiss\u00e9e autour du d\u00e9sir d&#8217;Anne Monfort de porter \u00e0 la sc\u00e8ne les mots de Maryse Cond\u00e9. <br \/>Dans le cadre du partenariat, Textes En Paroles, \u00e9galement coproducteur du spectacle, accompagnera la compagnie pour l\u2019ing\u00e9nierie du projet, son ancrage territorial, la s\u00e9lection des interpr\u00e8tes, la logistique d\u2019organisation de la r\u00e9sidence en Guadeloupe ainsi que sur l\u2019effort de diffusion en Cara\u00efbe et hors territoire.<br \/><a href=\"https:\/\/www.dayfornight.fr\/en\/la-migration-des-coeurs\/\">More informations<\/a><\/span><\/p>\t\t\t\t\t\t<\/div>\n\t\t\t\t<\/div>\n\t\t\t\t<div class=\"elementor-element elementor-element-f9cf28a elementor-widget elementor-widget-text-editor\" data-id=\"f9cf28a\" data-element_type=\"widget\" data-widget_type=\"text-editor.default\">\n\t\t\t\t<div class=\"elementor-widget-container\">\n\t\t\t\t\t\t\t<p><span style=\"font-family: gravity-bold; font-size: 12pt; color: #00786e;\">R\u00c9SIDENCES CROIS\u00c9ES ET JAMAIS LU CARA\u00ceBE<br \/><\/span><\/p>\n<p><span style=\"font-family: gravity-bold; font-size: 12pt;\"><span style=\"font-family: gravity-book;\">Dans le cadre du partenariat entre Textes En Paroles et le Jamais lu, et plus pr\u00e9cis\u00e9ment pour la r\u00e9sidence crois\u00e9e Qu\u00e9bec\/Cara\u00efbes 2024, Anne Monfort a r\u00e9alis\u00e9 un accompagnement dramaturgique des auteurices qu\u00e9b\u00e9cois Sabrina Auclair (<em>Y es-tu trop tard pour aimer les \u00e9cureuils ?<\/em>) et Christian Baril (<em>Le chant des Hylodes<\/em>)\u00a0lors de leurs r\u00e9sidences en Guadeloupe.<\/span><\/span><\/p>\n<p><span style=\"font-family: gravity-bold; font-size: 12pt;\"><span style=\"font-family: gravity-book;\">Dans le cadre du festival Jamais Lu Cara\u00efbe, Anne Monfort a mis en lecture<em>\u00a0Le chant des Hylodes<\/em> de Christian Baril, avec Isabelle Kancel, C\u00e9line Morel, Alix Serman et Patrice Turlet le samedi 15 juin 2024 \u00e0 15h \u00e0 la M\u00e9diath\u00e8que Ernest J. P\u00e9pin de Lamentin, en Guadeloupe.<\/span><\/span><\/p>\t\t\t\t\t\t<\/div>\n\t\t\t\t<\/div>\n\t\t\t\t<div class=\"elementor-element elementor-element-bc116dc elementor-widget elementor-widget-image-gallery\" data-id=\"bc116dc\" data-element_type=\"widget\" data-widget_type=\"image-gallery.default\">\n\t\t\t\t<div class=\"elementor-widget-container\">\n\t\t\t\t\t<div class=\"elementor-image-gallery\">\n\t\t\t<div id='gallery-1' class='gallery galleryid-3642 gallery-columns-3 gallery-size-large'><figure class='gallery-item'>\n\t\t\t<div class='gallery-icon landscape'>\n\t\t\t\t<a data-elementor-open-lightbox=\"yes\" data-elementor-lightbox-slideshow=\"bc116dc\" data-elementor-lightbox-title=\"448564943_450385387739347_3711703366155952848_n\" data-e-action-hash=\"#elementor-action%3Aaction%3Dlightbox%26settings%3DeyJpZCI6MzY1MiwidXJsIjoiaHR0cHM6XC9cL3d3dy5kYXlmb3JuaWdodC5mclwvd3AtY29udGVudFwvdXBsb2Fkc1wvMjAyNVwvMDJcLzQ0ODU2NDk0M180NTAzODUzODc3MzkzNDdfMzcxMTcwMzM2NjE1NTk1Mjg0OF9uLmpwZyIsInNsaWRlc2hvdyI6ImJjMTE2ZGMifQ%3D%3D\" href='https:\/\/www.dayfornight.fr\/wp-content\/uploads\/2025\/02\/448564943_450385387739347_3711703366155952848_n.jpg'><img fetchpriority=\"high\" width=\"800\" height=\"534\" src=\"https:\/\/www.dayfornight.fr\/wp-content\/uploads\/2025\/02\/448564943_450385387739347_3711703366155952848_n-1024x684.jpg\" class=\"attachment-large size-large\" alt=\"\" decoding=\"async\" srcset=\"https:\/\/www.dayfornight.fr\/wp-content\/uploads\/2025\/02\/448564943_450385387739347_3711703366155952848_n-1024x684.jpg 1024w, https:\/\/www.dayfornight.fr\/wp-content\/uploads\/2025\/02\/448564943_450385387739347_3711703366155952848_n-300x200.jpg 300w, https:\/\/www.dayfornight.fr\/wp-content\/uploads\/2025\/02\/448564943_450385387739347_3711703366155952848_n-768x513.jpg 768w, https:\/\/www.dayfornight.fr\/wp-content\/uploads\/2025\/02\/448564943_450385387739347_3711703366155952848_n-1536x1025.jpg 1536w, https:\/\/www.dayfornight.fr\/wp-content\/uploads\/2025\/02\/448564943_450385387739347_3711703366155952848_n-18x12.jpg 18w, https:\/\/www.dayfornight.fr\/wp-content\/uploads\/2025\/02\/448564943_450385387739347_3711703366155952848_n.jpg 2048w\" sizes=\"(max-width: 800px) 100vw, 800px\" \/><\/a>\n\t\t\t<\/div><\/figure><figure class='gallery-item'>\n\t\t\t<div class='gallery-icon landscape'>\n\t\t\t\t<a data-elementor-open-lightbox=\"yes\" data-elementor-lightbox-slideshow=\"bc116dc\" data-elementor-lightbox-title=\"448664688_450384144406138_1235365399644306106_n (1)\" data-e-action-hash=\"#elementor-action%3Aaction%3Dlightbox%26settings%3DeyJpZCI6MzY1NCwidXJsIjoiaHR0cHM6XC9cL3d3dy5kYXlmb3JuaWdodC5mclwvd3AtY29udGVudFwvdXBsb2Fkc1wvMjAyNVwvMDJcLzQ0ODY2NDY4OF80NTAzODQxNDQ0MDYxMzhfMTIzNTM2NTM5OTY0NDMwNjEwNl9uLTEuanBnIiwic2xpZGVzaG93IjoiYmMxMTZkYyJ9\" href='https:\/\/www.dayfornight.fr\/wp-content\/uploads\/2025\/02\/448664688_450384144406138_1235365399644306106_n-1.jpg'><img width=\"800\" height=\"534\" src=\"https:\/\/www.dayfornight.fr\/wp-content\/uploads\/2025\/02\/448664688_450384144406138_1235365399644306106_n-1-1024x684.jpg\" class=\"attachment-large size-large\" alt=\"\" decoding=\"async\" srcset=\"https:\/\/www.dayfornight.fr\/wp-content\/uploads\/2025\/02\/448664688_450384144406138_1235365399644306106_n-1-1024x684.jpg 1024w, https:\/\/www.dayfornight.fr\/wp-content\/uploads\/2025\/02\/448664688_450384144406138_1235365399644306106_n-1-300x200.jpg 300w, https:\/\/www.dayfornight.fr\/wp-content\/uploads\/2025\/02\/448664688_450384144406138_1235365399644306106_n-1-768x513.jpg 768w, https:\/\/www.dayfornight.fr\/wp-content\/uploads\/2025\/02\/448664688_450384144406138_1235365399644306106_n-1-1536x1025.jpg 1536w, https:\/\/www.dayfornight.fr\/wp-content\/uploads\/2025\/02\/448664688_450384144406138_1235365399644306106_n-1-18x12.jpg 18w, https:\/\/www.dayfornight.fr\/wp-content\/uploads\/2025\/02\/448664688_450384144406138_1235365399644306106_n-1.jpg 2048w\" sizes=\"(max-width: 800px) 100vw, 800px\" \/><\/a>\n\t\t\t<\/div><\/figure><figure class='gallery-item'>\n\t\t\t<div class='gallery-icon landscape'>\n\t\t\t\t<a data-elementor-open-lightbox=\"yes\" data-elementor-lightbox-slideshow=\"bc116dc\" data-elementor-lightbox-title=\"448260597_450384731072746_3477824308584276473_n\" data-e-action-hash=\"#elementor-action%3Aaction%3Dlightbox%26settings%3DeyJpZCI6MzY1NSwidXJsIjoiaHR0cHM6XC9cL3d3dy5kYXlmb3JuaWdodC5mclwvd3AtY29udGVudFwvdXBsb2Fkc1wvMjAyNVwvMDJcLzQ0ODI2MDU5N180NTAzODQ3MzEwNzI3NDZfMzQ3NzgyNDMwODU4NDI3NjQ3M19uLmpwZyIsInNsaWRlc2hvdyI6ImJjMTE2ZGMifQ%3D%3D\" href='https:\/\/www.dayfornight.fr\/wp-content\/uploads\/2025\/02\/448260597_450384731072746_3477824308584276473_n.jpg'><img width=\"800\" height=\"534\" src=\"https:\/\/www.dayfornight.fr\/wp-content\/uploads\/2025\/02\/448260597_450384731072746_3477824308584276473_n-1024x684.jpg\" class=\"attachment-large size-large\" alt=\"\" decoding=\"async\" srcset=\"https:\/\/www.dayfornight.fr\/wp-content\/uploads\/2025\/02\/448260597_450384731072746_3477824308584276473_n-1024x684.jpg 1024w, https:\/\/www.dayfornight.fr\/wp-content\/uploads\/2025\/02\/448260597_450384731072746_3477824308584276473_n-300x200.jpg 300w, https:\/\/www.dayfornight.fr\/wp-content\/uploads\/2025\/02\/448260597_450384731072746_3477824308584276473_n-768x513.jpg 768w, https:\/\/www.dayfornight.fr\/wp-content\/uploads\/2025\/02\/448260597_450384731072746_3477824308584276473_n-1536x1025.jpg 1536w, https:\/\/www.dayfornight.fr\/wp-content\/uploads\/2025\/02\/448260597_450384731072746_3477824308584276473_n-18x12.jpg 18w, https:\/\/www.dayfornight.fr\/wp-content\/uploads\/2025\/02\/448260597_450384731072746_3477824308584276473_n.jpg 2048w\" sizes=\"(max-width: 800px) 100vw, 800px\" \/><\/a>\n\t\t\t<\/div><\/figure><figure class='gallery-item'>\n\t\t\t<div class='gallery-icon landscape'>\n\t\t\t\t<a data-elementor-open-lightbox=\"yes\" data-elementor-lightbox-slideshow=\"bc116dc\" data-elementor-lightbox-title=\"448439616_450384701072749_2010409347735869570_n\" data-e-action-hash=\"#elementor-action%3Aaction%3Dlightbox%26settings%3DeyJpZCI6MzY1NiwidXJsIjoiaHR0cHM6XC9cL3d3dy5kYXlmb3JuaWdodC5mclwvd3AtY29udGVudFwvdXBsb2Fkc1wvMjAyNVwvMDJcLzQ0ODQzOTYxNl80NTAzODQ3MDEwNzI3NDlfMjAxMDQwOTM0NzczNTg2OTU3MF9uLmpwZyIsInNsaWRlc2hvdyI6ImJjMTE2ZGMifQ%3D%3D\" href='https:\/\/www.dayfornight.fr\/wp-content\/uploads\/2025\/02\/448439616_450384701072749_2010409347735869570_n.jpg'><img loading=\"lazy\" width=\"800\" height=\"534\" src=\"https:\/\/www.dayfornight.fr\/wp-content\/uploads\/2025\/02\/448439616_450384701072749_2010409347735869570_n-1024x684.jpg\" class=\"attachment-large size-large\" alt=\"\" decoding=\"async\" srcset=\"https:\/\/www.dayfornight.fr\/wp-content\/uploads\/2025\/02\/448439616_450384701072749_2010409347735869570_n-1024x684.jpg 1024w, https:\/\/www.dayfornight.fr\/wp-content\/uploads\/2025\/02\/448439616_450384701072749_2010409347735869570_n-300x200.jpg 300w, https:\/\/www.dayfornight.fr\/wp-content\/uploads\/2025\/02\/448439616_450384701072749_2010409347735869570_n-768x513.jpg 768w, https:\/\/www.dayfornight.fr\/wp-content\/uploads\/2025\/02\/448439616_450384701072749_2010409347735869570_n-1536x1025.jpg 1536w, https:\/\/www.dayfornight.fr\/wp-content\/uploads\/2025\/02\/448439616_450384701072749_2010409347735869570_n-18x12.jpg 18w, https:\/\/www.dayfornight.fr\/wp-content\/uploads\/2025\/02\/448439616_450384701072749_2010409347735869570_n.jpg 2048w\" sizes=\"(max-width: 800px) 100vw, 800px\" \/><\/a>\n\t\t\t<\/div><\/figure><figure class='gallery-item'>\n\t\t\t<div class='gallery-icon landscape'>\n\t\t\t\t<a data-elementor-open-lightbox=\"yes\" data-elementor-lightbox-slideshow=\"bc116dc\" data-elementor-lightbox-title=\"448440068_450382234406329_4529458499497716065_n\" data-e-action-hash=\"#elementor-action%3Aaction%3Dlightbox%26settings%3DeyJpZCI6MzY1NywidXJsIjoiaHR0cHM6XC9cL3d3dy5kYXlmb3JuaWdodC5mclwvd3AtY29udGVudFwvdXBsb2Fkc1wvMjAyNVwvMDJcLzQ0ODQ0MDA2OF80NTAzODIyMzQ0MDYzMjlfNDUyOTQ1ODQ5OTQ5NzcxNjA2NV9uLmpwZyIsInNsaWRlc2hvdyI6ImJjMTE2ZGMifQ%3D%3D\" href='https:\/\/www.dayfornight.fr\/wp-content\/uploads\/2025\/02\/448440068_450382234406329_4529458499497716065_n.jpg'><img loading=\"lazy\" width=\"800\" height=\"534\" src=\"https:\/\/www.dayfornight.fr\/wp-content\/uploads\/2025\/02\/448440068_450382234406329_4529458499497716065_n-1024x684.jpg\" class=\"attachment-large size-large\" alt=\"\" decoding=\"async\" srcset=\"https:\/\/www.dayfornight.fr\/wp-content\/uploads\/2025\/02\/448440068_450382234406329_4529458499497716065_n-1024x684.jpg 1024w, https:\/\/www.dayfornight.fr\/wp-content\/uploads\/2025\/02\/448440068_450382234406329_4529458499497716065_n-300x200.jpg 300w, https:\/\/www.dayfornight.fr\/wp-content\/uploads\/2025\/02\/448440068_450382234406329_4529458499497716065_n-768x513.jpg 768w, https:\/\/www.dayfornight.fr\/wp-content\/uploads\/2025\/02\/448440068_450382234406329_4529458499497716065_n-1536x1025.jpg 1536w, https:\/\/www.dayfornight.fr\/wp-content\/uploads\/2025\/02\/448440068_450382234406329_4529458499497716065_n-18x12.jpg 18w, https:\/\/www.dayfornight.fr\/wp-content\/uploads\/2025\/02\/448440068_450382234406329_4529458499497716065_n.jpg 2048w\" sizes=\"(max-width: 800px) 100vw, 800px\" \/><\/a>\n\t\t\t<\/div><\/figure><figure class='gallery-item'>\n\t\t\t<div class='gallery-icon landscape'>\n\t\t\t\t<a data-elementor-open-lightbox=\"yes\" data-elementor-lightbox-slideshow=\"bc116dc\" data-elementor-lightbox-title=\"448577571_450376067740279_5988793180240218312_n\" data-e-action-hash=\"#elementor-action%3Aaction%3Dlightbox%26settings%3DeyJpZCI6MzY1MywidXJsIjoiaHR0cHM6XC9cL3d3dy5kYXlmb3JuaWdodC5mclwvd3AtY29udGVudFwvdXBsb2Fkc1wvMjAyNVwvMDJcLzQ0ODU3NzU3MV80NTAzNzYwNjc3NDAyNzlfNTk4ODc5MzE4MDI0MDIxODMxMl9uLmpwZyIsInNsaWRlc2hvdyI6ImJjMTE2ZGMifQ%3D%3D\" href='https:\/\/www.dayfornight.fr\/wp-content\/uploads\/2025\/02\/448577571_450376067740279_5988793180240218312_n.jpg'><img loading=\"lazy\" width=\"800\" height=\"534\" src=\"https:\/\/www.dayfornight.fr\/wp-content\/uploads\/2025\/02\/448577571_450376067740279_5988793180240218312_n-1024x683.jpg\" class=\"attachment-large size-large\" alt=\"\" decoding=\"async\" srcset=\"https:\/\/www.dayfornight.fr\/wp-content\/uploads\/2025\/02\/448577571_450376067740279_5988793180240218312_n-1024x683.jpg 1024w, https:\/\/www.dayfornight.fr\/wp-content\/uploads\/2025\/02\/448577571_450376067740279_5988793180240218312_n-300x200.jpg 300w, https:\/\/www.dayfornight.fr\/wp-content\/uploads\/2025\/02\/448577571_450376067740279_5988793180240218312_n-768x512.jpg 768w, https:\/\/www.dayfornight.fr\/wp-content\/uploads\/2025\/02\/448577571_450376067740279_5988793180240218312_n-1536x1024.jpg 1536w, https:\/\/www.dayfornight.fr\/wp-content\/uploads\/2025\/02\/448577571_450376067740279_5988793180240218312_n-18x12.jpg 18w, https:\/\/www.dayfornight.fr\/wp-content\/uploads\/2025\/02\/448577571_450376067740279_5988793180240218312_n.jpg 2048w\" sizes=\"(max-width: 800px) 100vw, 800px\" \/><\/a>\n\t\t\t<\/div><\/figure>\n\t\t<\/div>\n\t\t<\/div>\n\t\t\t\t<\/div>\n\t\t\t\t<\/div>\n\t\t\t\t<div class=\"elementor-element elementor-element-bfcb160 elementor-widget elementor-widget-text-editor\" data-id=\"bfcb160\" data-element_type=\"widget\" data-widget_type=\"text-editor.default\">\n\t\t\t\t<div class=\"elementor-widget-container\">\n\t\t\t\t\t\t\t<p style=\"text-align: center;\"><span style=\"font-family: gravity-book; font-size: 10pt;\"><em>Le chant des Hylodes<\/em> de Christian Baril mais en lecture par Anne Monfort au Festival Jamais Lu Caraibe 2024 | \u00a9 <span class=\"xt0psk2\"><span class=\"xjp7ctv\"><span aria-describedby=\":ra56:\">Philippe Virapin\u00a0<\/span><\/span><\/span><\/span><\/p>\t\t\t\t\t\t<\/div>\n\t\t\t\t<\/div>\n\t\t\t\t<div class=\"elementor-element elementor-element-49d19f7 elementor-widget elementor-widget-text-editor\" data-id=\"49d19f7\" data-element_type=\"widget\" data-widget_type=\"text-editor.default\">\n\t\t\t\t<div class=\"elementor-widget-container\">\n\t\t\t\t\t\t\t<p><span style=\"font-family: gravity-bold; font-size: 12pt; color: #00786e;\">TEXTES EN PAROLES<br \/><\/span><span style=\"font-family: gravity-book; font-size: 12pt;\">Bas\u00e9e en Guadeloupe, Textes En Paroles est une association loi 1901 cr\u00e9\u00e9e en 2003\u00a0<\/span><span style=\"font-family: gravity-book; font-size: 12pt;\">qui s\u2019est donn\u00e9 pour objet de promouvoir les \u00e9critures th\u00e9\u00e2trales carib\u00e9ennes contemporaines, de leur \u00e9mergence jusqu\u2019\u00e0 leur cr\u00e9ation sc\u00e9nique, dans une approche professionnelle.<\/span><\/p>\n<p><span style=\"font-family: gravity-book; font-size: 12pt;\">Elle capitalise aujourd\u2019hui un nombre important de textes s\u00e9lectionn\u00e9s. Les textes qui constituent \u00ab le r\u00e9pertoire \u00bb de Textes En Paroles sont d\u2019une qualit\u00e9 valid\u00e9e par un jury international compos\u00e9 de dramaturges, de critiques professionnels et d\u2019amateurs \u00e9clair\u00e9s. Ces textes constituent aujourd\u2019hui une ressource particuli\u00e8rement riche et originale.<\/span><\/p>\n<p><span style=\"font-family: gravity-book; font-size: 12pt;\">Depuis 2015, Textes En Paroles est \u00e9galement \u00e9diteur, ayant lanc\u00e9 la premi\u00e8re collection th\u00e9\u00e2trale 100% num\u00e9rique en Cara\u00efbe. La publication au format num\u00e9rique des textes s\u00e9lectionn\u00e9s contribue \u00e0 la promotion des \u00e9critures dramatiques carib\u00e9ennes contemporaines aupr\u00e8s du plus grand nombre.<\/span><\/p>\n<p><span style=\"font-family: gravity-book; font-size: 12pt;\">Textes En Paroles est \u00e9galement producteur de spectacles, puisant dans son r\u00e9pertoire pour aboutir la cr\u00e9ation sc\u00e9nique de pi\u00e8ces s\u00e9lectionn\u00e9es, ou \u0153uvrant avec des partenaires dans le cadre d\u2019actions crois\u00e9es de valorisation des \u00e9critures th\u00e9\u00e2trales carib\u00e9ennes contemporaines.<\/span><\/p>\n<p><span style=\"font-family: gravity-book; font-size: 12pt;\">C\u2019est ainsi que depuis sa cr\u00e9ation, Textes En Paroles a contribu\u00e9 \u00e0 promouvoir de nombreux auteur(e)s et a pris part \u00e0 l\u2019\u00e9conomie du spectacle vivant en employant des artistes professionnels Guadeloup\u00e9ens, Martiniquais, Guyanais et Ha\u00eftiens.<\/span><\/p>\n<p><span style=\"font-family: gravity-book; font-size: 12pt;\">L\u2019exp\u00e9rience et le positionnement professionnel de Textes En Paroles dans le th\u00e9\u00e2tre en Cara\u00efbe en font un partenaire privil\u00e9gi\u00e9 pour les auteurs et autrices, les institutions et les acteurs du secteur culturel.<\/span><\/p>\n<p><span style=\"font-family: gravity-book; font-size: 12pt;\">Association professionnelle \u0153uvrant dans le secteur du spectacle vivant depuis 2003, le positionnement de Textes En Paroles en fait un partenaire privil\u00e9gi\u00e9, une force de proposition et un centre de ressources de r\u00e9f\u00e9rence pour les auteur(e)s, les artistes, les compagnies, les organismes de formation, les institutions et autres acteurs du secteur culturel, en Guadeloupe, dans la Cara\u00efbe, \u00e0 l\u2019\u00e9chelle nationale et \u00e0 l\u2019international.<\/span><\/p>\t\t\t\t\t\t<\/div>\n\t\t\t\t<\/div>\n\t\t\t\t\t<\/div>\n\t\t<\/div>\n\t\t\t\t\t<\/div>\n\t\t<\/section>\n\t\t\t\t<\/div>","protected":false},"excerpt":{"rendered":"<p>________avec textes en paroles La rencontre entre Anne Monfort et Textes En Paroles s&#8217;est dans un premier temps d\u00e9roul\u00e9 dans<\/p>","protected":false},"author":1,"featured_media":0,"parent":0,"menu_order":0,"comment_status":"closed","ping_status":"closed","template":"","meta":[],"_links":{"self":[{"href":"https:\/\/www.dayfornight.fr\/en\/wp-json\/wp\/v2\/pages\/3642"}],"collection":[{"href":"https:\/\/www.dayfornight.fr\/en\/wp-json\/wp\/v2\/pages"}],"about":[{"href":"https:\/\/www.dayfornight.fr\/en\/wp-json\/wp\/v2\/types\/page"}],"author":[{"embeddable":true,"href":"https:\/\/www.dayfornight.fr\/en\/wp-json\/wp\/v2\/users\/1"}],"replies":[{"embeddable":true,"href":"https:\/\/www.dayfornight.fr\/en\/wp-json\/wp\/v2\/comments?post=3642"}],"version-history":[{"count":7,"href":"https:\/\/www.dayfornight.fr\/en\/wp-json\/wp\/v2\/pages\/3642\/revisions"}],"predecessor-version":[{"id":3723,"href":"https:\/\/www.dayfornight.fr\/en\/wp-json\/wp\/v2\/pages\/3642\/revisions\/3723"}],"wp:attachment":[{"href":"https:\/\/www.dayfornight.fr\/en\/wp-json\/wp\/v2\/media?parent=3642"}],"curies":[{"name":"wp","href":"https:\/\/api.w.org\/{rel}","templated":true}]}}