{"id":804,"date":"2019-11-12T13:43:42","date_gmt":"2019-11-12T13:43:42","guid":{"rendered":"http:\/\/www.dayfornight.fr\/?page_id=804"},"modified":"2026-04-10T14:36:43","modified_gmt":"2026-04-10T14:36:43","slug":"operation-caravage","status":"publish","type":"page","link":"https:\/\/www.dayfornight.fr\/en\/operation-caravage\/","title":{"rendered":"Operation Caravaggio project"},"content":{"rendered":"<div data-elementor-type=\"wp-post\" data-elementor-id=\"804\" class=\"elementor elementor-804\">\n\t\t\t\t\t\t<section class=\"elementor-section elementor-top-section elementor-element elementor-element-00aadce elementor-section-boxed elementor-section-height-default elementor-section-height-default\" data-id=\"00aadce\" data-element_type=\"section\">\n\t\t\t\t\t\t<div class=\"elementor-container elementor-column-gap-default\">\n\t\t\t\t\t<div class=\"elementor-column elementor-col-100 elementor-top-column elementor-element elementor-element-e3e229a\" data-id=\"e3e229a\" data-element_type=\"column\">\n\t\t\t<div class=\"elementor-widget-wrap elementor-element-populated\">\n\t\t\t\t\t\t<div class=\"elementor-element elementor-element-96a1650 elementor-widget elementor-widget-text-editor\" data-id=\"96a1650\" data-element_type=\"widget\" data-widget_type=\"text-editor.default\">\n\t\t\t\t<div class=\"elementor-widget-container\">\n\t\t\t\t\t\t\t<p><span style=\"color: #00786e;\">________<\/span><\/p><p><span style=\"font-size: 36pt; color: #00786e; font-family: gravity-light;\">operation Caravaggio project<\/span><\/p>\t\t\t\t\t\t<\/div>\n\t\t\t\t<\/div>\n\t\t\t\t<div class=\"elementor-element elementor-element-9a20f00 elementor-widget elementor-widget-text-editor\" data-id=\"9a20f00\" data-element_type=\"widget\" data-widget_type=\"text-editor.default\">\n\t\t\t\t<div class=\"elementor-widget-container\">\n\t\t\t\t\t\t\t<p><span style=\"font-family: gravity-book; font-size: 12pt;\">In line with our working method, which allows time for research, whether in training sessions or in the preliminary stages of performances, the company wanted to carry out a long-term research project, from 2019 to 2021, on the transfer of cinematographic effects to the theatre, and their implications for the actor's tools, in relation to the spectator. The title of this project, \"Operation Caravaggio\", refers to a term used by Jacques Rivette, whose methods of adaptation and direction of the actor we have used to create new actor\/actor, actor\/reader and actor\/dramaturg tools. This research project, supported by the DGCA, was carried out in collaboration with the Thalim research laboratory - in particular the \"Vocabulaire de l'identification dans les arts du spectacle\" team, the University of Besan\u00e7on, the MC93 le studio-th\u00e9\u00e2tre de Vitry and the ESAD.\u00a0<\/span><\/p><p><span style=\"font-family: gravity-book; font-size: 12pt;\">The project has focused on working on cinematographic effects from the perspective of the spectator and the actor, based on the theoretical corpus of Brecht and Jacques Rivette (particularly on the notions of distancing and the unusual). We feel that this cinematic impression is very close to the fantastic suspense experienced by the reader on a literary level, as it involves a combination or juxtaposition of attractions, the interplay of distinct codes (theatre\/cinema; drama\/narrative; reality\/supernatural). This explains the choice of non-theatrical materials initially where the \"impression of cinema\" is present, and which belong to the genre of the fantastic, in particular several films (Vif-argent (Burning Ghost) by St\u00e9phane Batut, C\u00e9line et Julie vont en bateau (Celine and Julie Go Boating) by Jacques Rivette), a literary experience based on cinema (Agn\u00e8s et ses sourires by St\u00e9phane Bouquet) and a novel (L'avanc\u00e9e de la nuit, by Jakuta Alikavazovic).<\/span><\/p>\t\t\t\t\t\t<\/div>\n\t\t\t\t<\/div>\n\t\t\t\t<div class=\"elementor-element elementor-element-785e626 elementor-widget elementor-widget-image\" data-id=\"785e626\" data-element_type=\"widget\" data-widget_type=\"image.default\">\n\t\t\t\t<div class=\"elementor-widget-container\">\n\t\t\t\t\t\t\t\t\t\t<figure class=\"wp-caption\">\n\t\t\t\t\t\t\t\t\t\t<img fetchpriority=\"high\" decoding=\"async\" width=\"800\" height=\"534\" src=\"https:\/\/www.dayfornight.fr\/wp-content\/uploads\/2022\/12\/Operation-Caravage_Jakuta2.jpg\" class=\"attachment-large size-large wp-image-1528\" alt=\"\" srcset=\"https:\/\/www.dayfornight.fr\/wp-content\/uploads\/2022\/12\/Operation-Caravage_Jakuta2.jpg 1000w, https:\/\/www.dayfornight.fr\/wp-content\/uploads\/2022\/12\/Operation-Caravage_Jakuta2-300x200.jpg 300w, https:\/\/www.dayfornight.fr\/wp-content\/uploads\/2022\/12\/Operation-Caravage_Jakuta2-768x512.jpg 768w\" sizes=\"(max-width: 800px) 100vw, 800px\" \/>\t\t\t\t\t\t\t\t\t\t\t<figcaption class=\"widget-image-caption wp-caption-text\"><\/figcaption>\n\t\t\t\t\t\t\t\t\t\t<\/figure>\n\t\t\t\t\t\t\t<\/div>\n\t\t\t\t<\/div>\n\t\t\t\t<div class=\"elementor-element elementor-element-c82c68e elementor-widget elementor-widget-text-editor\" data-id=\"c82c68e\" data-element_type=\"widget\" data-widget_type=\"text-editor.default\">\n\t\t\t\t<div class=\"elementor-widget-container\">\n\t\t\t\t\t\t\t<p style=\"text-align: center;\"><span style=\"font-size: 8pt; font-family: gravity-book;\"><em>Operation Caravaggio project\u00a0<\/em>\u00a0\u00a9 Mahaut Leconte<\/span><\/p>\t\t\t\t\t\t<\/div>\n\t\t\t\t<\/div>\n\t\t\t\t<div class=\"elementor-element elementor-element-1e36e19 elementor-widget elementor-widget-text-editor\" data-id=\"1e36e19\" data-element_type=\"widget\" data-widget_type=\"text-editor.default\">\n\t\t\t\t<div class=\"elementor-widget-container\">\n\t\t\t\t\t\t\t<p><span style=\"font-family: gravity-book;\">Going through the viewer's point of view seemed fundamental to us because it is through this that we can define the \"cinema effects\" often referred to as cinematographic impressions. This led to several theoretical work sessions (with M2 students at the University of Besan\u00e7on, with students at the ESAD Paris) in conjunction with Mildred Galland-Skymkowiak, who directs the \"Vocabulary of Identification\", Marie Martin and Alain-Patrick Ollivier, to define more precisely the terms identification\/hypnosis\/projection\/empathy\/Einf\u00fchlung. At the same time, we have opened several practical workshops:\u00a0<\/span><\/p><p><span style=\"font-family: gravity-book;\">- working on the same scene according to the desired effect on the spectator (who often projects something else!) (session in Besan\u00e7on and at ESAD Paris with the students)\u00a0<\/span><\/p><p><span style=\"font-family: gravity-book;\">- applying Jacques Rivette's method for performers around improvisation and secrecy with theatre actors (session at the MC 93 with professional actresses)\u00a0<\/span><\/p><p><span style=\"font-family: gravity-book;\">- embodying a spectator's view through the stage (session at ESAD Paris with the students)\u00a0<\/span><\/p><p><span style=\"font-family: gravity-book;\">- working on the phantomization of the actor by an exact reproduction of all the movements and temporalities of a film extract, the three actors on the stage being asked to play the five actors in the film and thus to superimpose two space-time periods (session at the Studio-Th\u00e9\u00e2tre de Vitry with the professional actors)\u00a0<\/span><\/p><p><span style=\"font-family: gravity-book;\">- constructing a methodology of theatrical adaptation focused on the actor by transposing that which Rivette uses to create his cinema from the synthesis of several novels.\u00a0<\/span><\/p><p><span style=\"font-family: gravity-book;\">A final, longer and more accomplished stage of work enabled us to formalise a method, bringing together the ESAD class, the three professional actors, as well as Anne Monfort and Laure Bachelier-Mazon, who had been leading the project together from the start. We, therefore, developed three approaches:<\/span><\/p><p><span style=\"font-family: gravity-book;\">1- The actor\/reader: actors use the memory of their reading experience to produce motifs that will be included in the score.<\/span><\/p><p><span style=\"font-family: gravity-book;\">2- The actor\/dramatist: approaching the matter through memory and reading impressions enables the integration of unconscious work that operates through transfers, synthesis and projections. Each actor articulates their emotional journey through the work with the common score woven from superimpositions and subterranean shifts. During this gradual development, the score turns into a material that fuels the play.\u00a0<\/span><\/p><p><span style=\"font-family: gravity-book;\">3- The actor\/editor: the superimposition work requires extremely clear transitions from one figure to another, from one temporality and one space to another: the actor is the editor.\u00a0<\/span><\/p><p><span style=\"font-family: gravity-book;\">From a teaching perspective, the student actors needed to participate in the entire process, accompanied by the entire team (actors, director, dramaturge) to coordinate these three areas of work upstream and on the fringes of the stage. It is not a matter of turning the actor into a director or a playwright or of moving a cinematic performance to the stage, but of developing a style in which the actor's theoretical knowledge of audience reception, his or her experience of texts before the stage, his or her stage writing and his or her ability to edit are all tools in themselves.<\/span><\/p><p><span style=\"font-family: gravity-book;\">\u00a0The entire project is documented in the <span style=\"text-decoration: underline;\"><a href=\"https:\/\/archives.studiotheatre.fr\/les-cahiers-du-studio\/Caravage\/\" target=\"_blank\" rel=\"noopener\">Cahiers du studio de Vitry<\/a><\/span>\u00a0<\/span><span style=\"font-family: gravity-book;\">and\u00a0<\/span><span style=\"text-decoration: underline;\"><a href=\"https:\/\/idem.hypotheses.org\/category\/experiences-de-spectateurs\" target=\"_blank\" rel=\"noopener\">on the Hypotheses website<\/a><\/span><span style=\"font-family: gravity-book;\">.\u00a0<\/span><\/p>\t\t\t\t\t\t<\/div>\n\t\t\t\t<\/div>\n\t\t\t\t<div class=\"elementor-element elementor-element-4719577 elementor-widget elementor-widget-image\" data-id=\"4719577\" data-element_type=\"widget\" data-widget_type=\"image.default\">\n\t\t\t\t<div class=\"elementor-widget-container\">\n\t\t\t\t\t\t\t\t\t\t<figure class=\"wp-caption\">\n\t\t\t\t\t\t\t\t\t\t<img decoding=\"async\" width=\"800\" height=\"534\" src=\"https:\/\/www.dayfornight.fr\/wp-content\/uploads\/2022\/12\/Operation-Caravage_Jakuta11.jpg\" class=\"attachment-large size-large wp-image-1537\" alt=\"\" srcset=\"https:\/\/www.dayfornight.fr\/wp-content\/uploads\/2022\/12\/Operation-Caravage_Jakuta11.jpg 1000w, https:\/\/www.dayfornight.fr\/wp-content\/uploads\/2022\/12\/Operation-Caravage_Jakuta11-300x200.jpg 300w, https:\/\/www.dayfornight.fr\/wp-content\/uploads\/2022\/12\/Operation-Caravage_Jakuta11-768x512.jpg 768w\" sizes=\"(max-width: 800px) 100vw, 800px\" \/>\t\t\t\t\t\t\t\t\t\t\t<figcaption class=\"widget-image-caption wp-caption-text\"><\/figcaption>\n\t\t\t\t\t\t\t\t\t\t<\/figure>\n\t\t\t\t\t\t\t<\/div>\n\t\t\t\t<\/div>\n\t\t\t\t<div class=\"elementor-element elementor-element-1eac5c9 elementor-widget elementor-widget-text-editor\" data-id=\"1eac5c9\" data-element_type=\"widget\" data-widget_type=\"text-editor.default\">\n\t\t\t\t<div class=\"elementor-widget-container\">\n\t\t\t\t\t\t\t<p style=\"text-align: center;\"><span style=\"font-size: 8pt; font-family: gravity-book;\"><em>Operation Caravaggio project\u00a0<\/em>\u00a9 Mahaut Leconte<\/span><\/p>\t\t\t\t\t\t<\/div>\n\t\t\t\t<\/div>\n\t\t\t\t<div class=\"elementor-element elementor-element-5d25730 elementor-widget elementor-widget-text-editor\" data-id=\"5d25730\" data-element_type=\"widget\" data-widget_type=\"text-editor.default\">\n\t\t\t\t<div class=\"elementor-widget-container\">\n\t\t\t\t\t\t\t<p><span style=\"font-family: gravity-book;\"><strong>Calendar<\/strong>\u00a0<\/span><br \/><span style=\"font-family: gravity-book;\">3rd and 4th November 2021 | project report at the CND in Pantin<\/span><br \/><span style=\"font-family: gravity-book;\">12th and 13th June 2021: workshop with amateurs at the Studio-Th\u00e9\u00e2tre de Vitry based on the methodology of Operation Caravaggio<\/span><br \/><span style=\"font-family: gravity-book;\">30th November 2020 to 15th January 2021 | session at ESAD with student actors and professional actors<\/span><br \/><span style=\"font-family: gravity-book;\">9th to 15th November 2020 | research session with professional actors at the Studio-Th\u00e9\u00e2tre de Vitry<\/span><br \/><span style=\"font-family: gravity-book;\">25th February - 18th March 2020 | research session with ESAD students<\/span><br \/><span style=\"font-family: gravity-book;\">6th to 10th January 2020 | experimentation session with two professional actresses at the MC93 Bobigny<\/span><br \/><span style=\"font-family: gravity-book;\">9th to 13th December 2019 | exploration session with the M2 performing arts of the University of Besan\u00e7on<\/span><\/p>\t\t\t\t\t\t<\/div>\n\t\t\t\t<\/div>\n\t\t\t\t\t<\/div>\n\t\t<\/div>\n\t\t\t\t\t<\/div>\n\t\t<\/section>\n\t\t\t\t<\/div>","protected":false},"excerpt":{"rendered":"<p>________ op\u00e9ration Caravage\u200b En r\u00e9sonnance avec notre m\u00e9thode de travail, qui accorde un temps \u00e0 la recherche, qu\u2019il s\u2019agisse des<\/p>","protected":false},"author":1,"featured_media":0,"parent":0,"menu_order":0,"comment_status":"closed","ping_status":"closed","template":"","meta":[],"_links":{"self":[{"href":"https:\/\/www.dayfornight.fr\/en\/wp-json\/wp\/v2\/pages\/804"}],"collection":[{"href":"https:\/\/www.dayfornight.fr\/en\/wp-json\/wp\/v2\/pages"}],"about":[{"href":"https:\/\/www.dayfornight.fr\/en\/wp-json\/wp\/v2\/types\/page"}],"author":[{"embeddable":true,"href":"https:\/\/www.dayfornight.fr\/en\/wp-json\/wp\/v2\/users\/1"}],"replies":[{"embeddable":true,"href":"https:\/\/www.dayfornight.fr\/en\/wp-json\/wp\/v2\/comments?post=804"}],"version-history":[{"count":79,"href":"https:\/\/www.dayfornight.fr\/en\/wp-json\/wp\/v2\/pages\/804\/revisions"}],"predecessor-version":[{"id":4073,"href":"https:\/\/www.dayfornight.fr\/en\/wp-json\/wp\/v2\/pages\/804\/revisions\/4073"}],"wp:attachment":[{"href":"https:\/\/www.dayfornight.fr\/en\/wp-json\/wp\/v2\/media?parent=804"}],"curies":[{"name":"wp","href":"https:\/\/api.w.org\/{rel}","templated":true}]}}