{"id":864,"date":"2020-05-11T16:33:28","date_gmt":"2020-05-11T16:33:28","guid":{"rendered":"http:\/\/www.dayfornight.fr\/?page_id=864"},"modified":"2025-05-13T12:46:57","modified_gmt":"2025-05-13T12:46:57","slug":"nostalgie-2175","status":"publish","type":"page","link":"https:\/\/www.dayfornight.fr\/en\/nostalgie-2175\/","title":{"rendered":"Nostalgie 2175"},"content":{"rendered":"<div data-elementor-type=\"wp-post\" data-elementor-id=\"864\" class=\"elementor elementor-864\">\n\t\t\t\t\t\t<section class=\"elementor-section elementor-top-section elementor-element elementor-element-3bcc025 elementor-section-boxed elementor-section-height-default elementor-section-height-default\" data-id=\"3bcc025\" data-element_type=\"section\">\n\t\t\t\t\t\t<div class=\"elementor-container elementor-column-gap-default\">\n\t\t\t\t\t<div class=\"elementor-column elementor-col-100 elementor-top-column elementor-element elementor-element-b6ce3d8\" data-id=\"b6ce3d8\" data-element_type=\"column\">\n\t\t\t<div class=\"elementor-widget-wrap elementor-element-populated\">\n\t\t\t\t\t\t<div class=\"elementor-element elementor-element-d21e58b elementor-widget elementor-widget-text-editor\" data-id=\"d21e58b\" data-element_type=\"widget\" data-widget_type=\"text-editor.default\">\n\t\t\t\t<div class=\"elementor-widget-container\">\n\t\t\t\t\t\t\t<p><span style=\"color: #00786e; font-family: 'Andale Mono', Times;\">________<\/span><\/p><p><span style=\"color: #00786e;\"><span style=\"font-family: gravity-light;\"><span style=\"font-size: 36pt;\">nostalgie 2175<\/span><span style=\"font-size: 48px;\"><br \/><\/span><\/span><\/span><span style=\"color: #00786e; font-family: gravity-book; font-size: 13.3333px; font-style: normal; font-variant-ligatures: normal; font-variant-caps: normal; font-weight: 400;\">CREATION 2022<\/span><\/p>\t\t\t\t\t\t<\/div>\n\t\t\t\t<\/div>\n\t\t\t\t\t<\/div>\n\t\t<\/div>\n\t\t\t\t\t<\/div>\n\t\t<\/section>\n\t\t\t\t<section class=\"elementor-section elementor-top-section elementor-element elementor-element-d8551c1 elementor-section-boxed elementor-section-height-default elementor-section-height-default\" data-id=\"d8551c1\" data-element_type=\"section\">\n\t\t\t\t\t\t<div class=\"elementor-container elementor-column-gap-default\">\n\t\t\t\t\t<div class=\"elementor-column elementor-col-100 elementor-top-column elementor-element elementor-element-65ccaba\" data-id=\"65ccaba\" data-element_type=\"column\">\n\t\t\t<div class=\"elementor-widget-wrap elementor-element-populated\">\n\t\t\t\t\t\t<section class=\"elementor-section elementor-inner-section elementor-element elementor-element-51210dd elementor-section-boxed elementor-section-height-default elementor-section-height-default\" data-id=\"51210dd\" data-element_type=\"section\">\n\t\t\t\t\t\t<div class=\"elementor-container elementor-column-gap-default\">\n\t\t\t\t\t<div class=\"elementor-column elementor-col-50 elementor-inner-column elementor-element elementor-element-e2c5521\" data-id=\"e2c5521\" data-element_type=\"column\">\n\t\t\t<div class=\"elementor-widget-wrap elementor-element-populated\">\n\t\t\t\t\t\t<div class=\"elementor-element elementor-element-9c135ac elementor-widget elementor-widget-text-editor\" data-id=\"9c135ac\" data-element_type=\"widget\" data-widget_type=\"text-editor.default\">\n\t\t\t\t<div class=\"elementor-widget-container\">\n\t\t\t\t\t\t\t<p><span style=\"font-family: gravity-book; font-size: 12pt;\">In 2175, in a world where the temperature is close to 60\u00b0C and where humans are constantly adapting to a hostile environment,<em> Nostalgie 2175<\/em> tells us a story of love and life between three protagonists, Pagona, Taschko and Posch. Pagona becomes pregnant, something that has not happened for decades. Pagona's poem to her daughter is interspersed with flashback scenes telling the story of this pregnancy and the two men around her, against a backdrop of paintings, desire and nostalgia.<\/span><\/p><p><span style=\"font-family: gravity-book; font-size: 12pt;\">A plunge into a dystopian and poetic universe that examines our relationship with the planet, with others and with the meaning of giving life in a world that seems destined to die.<\/span><\/p><p><span style=\"font-family: gravity-book; font-size: 12pt;\">In addition to working on various types of acting that enable us to tell this story, we are working on the actors' bodies, on painting, from Renaissance motifs to twentieth-century films that have become symbolic, on the musicality of this silent world, and on a nature that would regain its rights in a parched world.<\/span><\/p><p><span style=\"font-family: gravity-book; font-size: 12pt;\">The scenography represents a forest, a cross between artificial and real vegetation, paper and branches, a symbolic unconscious pierced by the remains of Taschko -a boat, an artificial lake. All the scenes are seen through the prism of Pagona's memory and take place as if through a sound filter, the sound recalling diurnal remains anchoring the situations, accompanied by musical layers translating the contradictory issues and feelings involved in this text.<\/span><\/p><p><span style=\"font-family: gravity-book; font-size: 12pt;\">The cast includes Judith Henry, Jean-Baptiste Verquin and Mohand Azzoug, representatives of this world to come, who work both on a precise musicality and on a direct, very cinematographic presence.<\/span><\/p>\t\t\t\t\t\t<\/div>\n\t\t\t\t<\/div>\n\t\t\t\t<div class=\"elementor-element elementor-element-da09c2d elementor-widget elementor-widget-image-gallery\" data-id=\"da09c2d\" data-element_type=\"widget\" data-widget_type=\"image-gallery.default\">\n\t\t\t\t<div class=\"elementor-widget-container\">\n\t\t\t\t\t<div class=\"elementor-image-gallery\">\n\t\t\t<div id='gallery-1' class='gallery galleryid-864 gallery-columns-3 gallery-size-medium'><figure class='gallery-item'>\n\t\t\t<div class='gallery-icon landscape'>\n\t\t\t\t<a data-elementor-open-lightbox=\"yes\" data-elementor-lightbox-slideshow=\"da09c2d\" data-elementor-lightbox-title=\"Nostalgie-2175\" data-e-action-hash=\"#elementor-action%3Aaction%3Dlightbox%26settings%3DeyJpZCI6MjE3MiwidXJsIjoiaHR0cHM6XC9cL3d3dy5kYXlmb3JuaWdodC5mclwvd3AtY29udGVudFwvdXBsb2Fkc1wvMjAyM1wvMDFcL05vc3RhbGdpZS0yMTc1LmpwZyIsInNsaWRlc2hvdyI6ImRhMDljMmQifQ%3D%3D\" href='https:\/\/www.dayfornight.fr\/wp-content\/uploads\/2023\/01\/Nostalgie-2175.jpg'><img fetchpriority=\"high\" width=\"300\" height=\"200\" src=\"https:\/\/www.dayfornight.fr\/wp-content\/uploads\/2023\/01\/Nostalgie-2175-300x200.jpg\" class=\"attachment-medium size-medium\" alt=\"\" decoding=\"async\" srcset=\"https:\/\/www.dayfornight.fr\/wp-content\/uploads\/2023\/01\/Nostalgie-2175-300x200.jpg 300w, https:\/\/www.dayfornight.fr\/wp-content\/uploads\/2023\/01\/Nostalgie-2175-768x512.jpg 768w, https:\/\/www.dayfornight.fr\/wp-content\/uploads\/2023\/01\/Nostalgie-2175.jpg 1000w\" sizes=\"(max-width: 300px) 100vw, 300px\" \/><\/a>\n\t\t\t<\/div><\/figure><figure class='gallery-item'>\n\t\t\t<div class='gallery-icon landscape'>\n\t\t\t\t<a data-elementor-open-lightbox=\"yes\" data-elementor-lightbox-slideshow=\"da09c2d\" data-elementor-lightbox-title=\"nostalgie2175\" data-e-action-hash=\"#elementor-action%3Aaction%3Dlightbox%26settings%3DeyJpZCI6MTM5NywidXJsIjoiaHR0cHM6XC9cL3d3dy5kYXlmb3JuaWdodC5mclwvd3AtY29udGVudFwvdXBsb2Fkc1wvMjAyMlwvMTJcL25vc3RhbGdpZTIxNzUtMi5qcGciLCJzbGlkZXNob3ciOiJkYTA5YzJkIn0%3D\" href='https:\/\/www.dayfornight.fr\/wp-content\/uploads\/2022\/12\/nostalgie2175-2.jpg'><img width=\"300\" height=\"200\" src=\"https:\/\/www.dayfornight.fr\/wp-content\/uploads\/2022\/12\/nostalgie2175-2-300x200.jpg\" class=\"attachment-medium size-medium\" alt=\"\" decoding=\"async\" srcset=\"https:\/\/www.dayfornight.fr\/wp-content\/uploads\/2022\/12\/nostalgie2175-2-300x200.jpg 300w, https:\/\/www.dayfornight.fr\/wp-content\/uploads\/2022\/12\/nostalgie2175-2-768x512.jpg 768w, https:\/\/www.dayfornight.fr\/wp-content\/uploads\/2022\/12\/nostalgie2175-2.jpg 1000w\" sizes=\"(max-width: 300px) 100vw, 300px\" \/><\/a>\n\t\t\t<\/div><\/figure><figure class='gallery-item'>\n\t\t\t<div class='gallery-icon landscape'>\n\t\t\t\t<a data-elementor-open-lightbox=\"yes\" data-elementor-lightbox-slideshow=\"da09c2d\" data-elementor-lightbox-title=\"nostalgie2175\" data-e-action-hash=\"#elementor-action%3Aaction%3Dlightbox%26settings%3DeyJpZCI6MTQyNSwidXJsIjoiaHR0cHM6XC9cL3d3dy5kYXlmb3JuaWdodC5mclwvd3AtY29udGVudFwvdXBsb2Fkc1wvMjAyMlwvMTJcL25vc3RhbGdpZTIxNzUtNC5qcGciLCJzbGlkZXNob3ciOiJkYTA5YzJkIn0%3D\" href='https:\/\/www.dayfornight.fr\/wp-content\/uploads\/2022\/12\/nostalgie2175-4.jpg'><img width=\"300\" height=\"200\" src=\"https:\/\/www.dayfornight.fr\/wp-content\/uploads\/2022\/12\/nostalgie2175-4-300x200.jpg\" class=\"attachment-medium size-medium\" alt=\"\" decoding=\"async\" srcset=\"https:\/\/www.dayfornight.fr\/wp-content\/uploads\/2022\/12\/nostalgie2175-4-300x200.jpg 300w, https:\/\/www.dayfornight.fr\/wp-content\/uploads\/2022\/12\/nostalgie2175-4-768x512.jpg 768w, https:\/\/www.dayfornight.fr\/wp-content\/uploads\/2022\/12\/nostalgie2175-4.jpg 1000w\" sizes=\"(max-width: 300px) 100vw, 300px\" \/><\/a>\n\t\t\t<\/div><\/figure>\n\t\t<\/div>\n\t\t<\/div>\n\t\t\t\t<\/div>\n\t\t\t\t<\/div>\n\t\t\t\t<div class=\"elementor-element elementor-element-3386b55 elementor-widget elementor-widget-text-editor\" data-id=\"3386b55\" data-element_type=\"widget\" data-widget_type=\"text-editor.default\">\n\t\t\t\t<div class=\"elementor-widget-container\">\n\t\t\t\t\t\t\t<p><span style=\"font-size: 10pt;\"><span style=\"font-family: gravity-book;\"><span style=\"color: #00786e; font-family: gravity-bold;\">THE PRESS SPEAKS ABOUT IT\u00a0<\/span><br \/><em>The text alternates between short dialogues and a scalpel-like narrative that Pagona addresses to her unborn daughter (...) Judith Henry performs it with a presence that is always accurate and subtle, accompanied by Mohand Azzoug (Taschko) and Jean-Baptiste Verquin (Posch).\u00a0<\/em><br \/>La Terrasse\/Agn\u00e8s Santi<\/span><\/span><\/p><p><span style=\"font-size: 10pt; font-family: gravity-book;\"><em>The narrative is twofold: one part describes what is seen in addition, another, the thoughts of the character, the action and the mind, which take away from these roles the vitality of instinct and turn them all into narrators of their own existence, as if they saw the present as already past, recorded, digested, accepted.<\/em><br \/>La revue du spectacle\/Bruno Fougnies<\/span><\/p><p><span style=\"font-size: 10pt; font-family: gravity-book;\"><em>The vertigo of the text lies in the hybridization of the two regimes, which Anja Hilling decides to intertwine rather than divide: the memories seem frighteningly real, because the drama, still so alive in Pagona's mind, seeps into the narrative.<\/em><br \/>IO Gazette\/Victor Inisan<\/span><\/p><p><span style=\"font-size: 10pt; font-family: gravity-book;\"><em>The images, like the meaning, retain their share of mystery in the show, leaving room for the imagination. <\/em><br \/>Arts-chipel\/Sarah Franck<\/span><\/p><p><span style=\"font-size: 10pt; font-family: gravity-book;\"><em>The sound environment is by IRCAM with Nuria Gim\u00e9nez-Comas, between anguish and light, darkness and sunshine, desolation and the promise of love, between risks, threats and the power of poetry.<\/em><br \/>V\u00e9ronique Hotte\/Hottello<br \/><\/span><\/p><p><span style=\"font-size: 10pt; font-family: gravity-book;\"><em>The strange atmosphere created by the elements of the set, such as the blue boat or the multicoloured hut, gives the whole the effect of a dream, between nostalgia and desire (...) The scene becomes, despite the catastrophe, the place where a quest for beauty unfolds.<br \/><\/em>Guillaume Lasserre\/Mediapart<\/span><\/p>\t\t\t\t\t\t<\/div>\n\t\t\t\t<\/div>\n\t\t\t\t<div class=\"elementor-element elementor-element-532f31d elementor-widget elementor-widget-text-editor\" data-id=\"532f31d\" data-element_type=\"widget\" data-widget_type=\"text-editor.default\">\n\t\t\t\t<div class=\"elementor-widget-container\">\n\t\t\t\t\t\t\t<p style=\"font-variant-ligatures: normal; font-variant-caps: normal; font-style: normal;\"><span style=\"font-family: gravity-bold; font-size: 13.3333px; color: #00786e;\">PRODUCTION<br \/><\/span><span style=\"font-family: gravity-bold; font-size: 10pt;\">Production<\/span><span style=\"color: #ffffff;\"><span style=\"font-family: gravity-book;\"><span style=\"font-size: 10pt;\"> day-for-night\u00a0<\/span><span style=\"font-size: 13.3333px;\"><br \/><\/span><\/span><\/span><span style=\"font-family: gravity-bold; font-size: 10pt;\">Coproduction <\/span><span style=\"font-family: gravity-book;\"><span style=\"font-size: 10pt;\">CDN of Besan\u00e7on Franche-Comt\u00e9, Th\u00e9\u00e2tredelaCit\u00e9 \u2013 CDN of Toulouse Occitanie, Th\u00e9\u00e2tre National of Strasbourg, L\u2019Espace des Arts \u2013 Sc\u00e8ne Nationale Chalon-sur-Sa\u00f4ne, Les Sc\u00e8nes du Jura \u2013 Sc\u00e8ne Nationale, l\u2019ARC \u2013 Sc\u00e8ne Nationale Le Creusot, IRCAM \u2013 Centre Pompidou<\/span><span style=\"font-size: 13.3333px;\"><br \/><\/span><\/span><span style=\"font-family: gravity-bold;\"><span style=\"font-size: 10pt;\">With the artistic contribution of<\/span>e<\/span><span style=\"font-family: gravity-book;\"><span style=\"font-size: 10pt;\"> l&#8217;ENSATT et le soutien du Th\u00e9\u00e2tre du Peuple-Bussang-Maurice Pottecher, Quint&#8217;est r\u00e9seau spectacle vivant Bourgogne-Franche-Comt\u00e9 Grand Est. Ce texte est laur\u00e9at de l&#8217;Aide \u00e0 la cr\u00e9ation de textes dramatiques &#8211; ARTCENA<\/span><span style=\"font-size: 13.3333px;\"><br \/><\/span><\/span><span style=\"font-size: 10pt;\"><span style=\"font-family: gravity-book;\">The company have a DGCA mentoring network with Julia Dreyfus. day-for-night is subsidised by the DRAC Bourgogne Franche-Comt\u00e9 and by the Bourgogne-Franche-Comt\u00e9 region. The company is supported in its projects by the<\/span><span style=\"font-family: gravity-book;\"> Departmental Council of Doubs and the City of Besan\u00e7on.<\/span><\/span><\/p>\t\t\t\t\t\t<\/div>\n\t\t\t\t<\/div>\n\t\t\t\t\t<\/div>\n\t\t<\/div>\n\t\t\t\t<div class=\"elementor-column elementor-col-50 elementor-inner-column elementor-element elementor-element-1ada3a8\" data-id=\"1ada3a8\" data-element_type=\"column\">\n\t\t\t<div class=\"elementor-widget-wrap elementor-element-populated\">\n\t\t\t\t\t\t<div class=\"elementor-element elementor-element-4c43a42 elementor-widget elementor-widget-image\" data-id=\"4c43a42\" data-element_type=\"widget\" data-widget_type=\"image.default\">\n\t\t\t\t<div class=\"elementor-widget-container\">\n\t\t\t\t\t\t\t\t\t\t\t\t\t<img loading=\"lazy\" decoding=\"async\" width=\"800\" height=\"534\" src=\"https:\/\/www.dayfornight.fr\/wp-content\/uploads\/2022\/12\/nostalgie2175-3.jpg\" class=\"attachment-large size-large wp-image-1399\" alt=\"\" srcset=\"https:\/\/www.dayfornight.fr\/wp-content\/uploads\/2022\/12\/nostalgie2175-3.jpg 1000w, https:\/\/www.dayfornight.fr\/wp-content\/uploads\/2022\/12\/nostalgie2175-3-300x200.jpg 300w, https:\/\/www.dayfornight.fr\/wp-content\/uploads\/2022\/12\/nostalgie2175-3-768x512.jpg 768w\" sizes=\"(max-width: 800px) 100vw, 800px\" \/>\t\t\t\t\t\t\t\t\t\t\t\t\t<\/div>\n\t\t\t\t<\/div>\n\t\t\t\t<div class=\"elementor-element elementor-element-36f0ec7 elementor-widget elementor-widget-image\" data-id=\"36f0ec7\" data-element_type=\"widget\" data-widget_type=\"image.default\">\n\t\t\t\t<div class=\"elementor-widget-container\">\n\t\t\t\t\t\t\t\t\t\t\t\t\t<img loading=\"lazy\" decoding=\"async\" width=\"800\" height=\"534\" src=\"https:\/\/www.dayfornight.fr\/wp-content\/uploads\/2022\/12\/nostalgie2175.jpg\" class=\"attachment-large size-large wp-image-1392\" alt=\"\" srcset=\"https:\/\/www.dayfornight.fr\/wp-content\/uploads\/2022\/12\/nostalgie2175.jpg 1000w, https:\/\/www.dayfornight.fr\/wp-content\/uploads\/2022\/12\/nostalgie2175-300x200.jpg 300w, https:\/\/www.dayfornight.fr\/wp-content\/uploads\/2022\/12\/nostalgie2175-768x512.jpg 768w\" sizes=\"(max-width: 800px) 100vw, 800px\" \/>\t\t\t\t\t\t\t\t\t\t\t\t\t<\/div>\n\t\t\t\t<\/div>\n\t\t\t\t<div class=\"elementor-element elementor-element-a5d4bba elementor-widget elementor-widget-text-editor\" data-id=\"a5d4bba\" data-element_type=\"widget\" data-widget_type=\"text-editor.default\">\n\t\t\t\t<div class=\"elementor-widget-container\">\n\t\t\t\t\t\t\t<p style=\"text-align: center;\"><span style=\"font-size: 8pt; color: #999999; font-family: gravity-book;\">\u00a9 Christophe Raynaud de Lage<\/span><\/p>\t\t\t\t\t\t<\/div>\n\t\t\t\t<\/div>\n\t\t\t\t<div class=\"elementor-element elementor-element-5a2475c elementor-widget elementor-widget-text-editor\" data-id=\"5a2475c\" data-element_type=\"widget\" data-widget_type=\"text-editor.default\">\n\t\t\t\t<div class=\"elementor-widget-container\">\n\t\t\t\t\t\t\t<p><span style=\"font-family: gravity-bold; font-size: 10pt; color: #00786e;\">CAST<\/span><br \/><span style=\"font-size: 10pt;\"><span style=\"font-family: gravity-book;\">Text\u00a0<span style=\"font-family: gravity-bold;\">Anja Hilling<\/span>, published by \u00c9ditions Th\u00e9atrales, the author's publisher and agent\u00a0 <br \/>Traduction\u00a0<span style=\"font-family: gravity-bold;\">Silvia Berutti-Ronelt <span style=\"font-family: gravity-book;\">and<\/span> Jean-Claude Berutti<\/span> <br \/>Direction<span style=\"font-family: gravity-bold;\">\u00a0Anne Monfort\u00a0<\/span> <br \/>Artistic collaboration\u00a0<span style=\"font-family: gravity-bold;\">Laure Bachelier\u00a0 <\/span><\/span><span style=\"font-family: gravity-book;\">With\u00a0<span style=\"font-family: gravity-bold;\">Mohand Azzoug, Judith Henry<\/span> and <span style=\"font-family: gravity-bold;\">Jean-Baptiste Verquin<\/span> <br \/>Scenography and costumes<span style=\"font-family: gravity-bold;\">\u00a0Cl\u00e9mence Kaz\u00e9mi<\/span> assisted by <span style=\"font-family: gravity-bold;\">V\u00e9rane Kauffmann<\/span>\u00a0 <br \/><\/span><span style=\"font-family: gravity-book;\">Original music composition <\/span><span style=\"font-family: gravity-bold;\">Nuria Gimenez Comas<\/span><span style=\"font-family: gravity-book;\">a command by<\/span><span style=\"font-family: gravity-bold;\">Ircam-Centre Pompidou<\/span><span style=\"font-family: gravity-book;\">with the collaboration of the instrumentalists <\/span><span style=\"font-family: gravity-bold;\">Mayu Sato<\/span><span style=\"font-family: gravity-book;\"> (flut) and <\/span><span style=\"font-family: gravity-bold;\">Matthieu Steffanus<\/span><span style=\"font-family: gravity-book;\"> (clarinet) <\/span><br \/><span style=\"font-family: gravity-book;\">Creation, light and generale management <\/span><span style=\"font-family: gravity-bold;\">C\u00e9cile Robin assist\u00e9e d&#8217;Alexandre Schreiber\u00a0<\/span> <br \/><span style=\"font-family: gravity-book;\">Sound management <\/span><span style=\"font-family: gravity-bold;\">Guillaume Blanc\u00a0<\/span> <br \/><span style=\"font-family: gravity-book;\">Hair and make up <\/span><span style=\"font-family: gravity-bold;\">C\u00e9cile Kretschmar\u00a0<\/span> <br \/><span style=\"font-family: gravity-book;\">Assistant director <\/span><span style=\"font-family: gravity-bold;\">Julia Dreyfus<\/span><span style=\"font-family: gravity-book;\"> in the frame of the mentoring network <\/span><br \/><span style=\"font-family: gravity-book;\">Administration, production and communication <\/span><span style=\"font-family: gravity-bold;\">Coralie Basset<\/span><span style=\"font-family: gravity-book;\">,\u00a0<\/span><span style=\"font-family: gravity-bold;\">Nancy Abalo <span style=\"font-family: gravity-book;\">and<\/span> Yohan Rantswiler<br \/><\/span><span style=\"font-family: gravity-book;\">Production and booking <span style=\"font-family: gravity-bold;\">Florence Francisco and Gabrielle Baille \u2013 Les Productions de la Seine<br \/><\/span>\u00a0Press relations<span style=\"font-family: gravity-bold;\"> Olivier Saksik &#8211; Elektronlibre<\/span><\/span><\/span><\/p>\t\t\t\t\t\t<\/div>\n\t\t\t\t<\/div>\n\t\t\t\t<div class=\"elementor-element elementor-element-f954cf4 elementor-widget elementor-widget-text-editor\" data-id=\"f954cf4\" data-element_type=\"widget\" data-widget_type=\"text-editor.default\">\n\t\t\t\t<div class=\"elementor-widget-container\">\n\t\t\t\t\t\t\t<p><span style=\"font-family: gravity-bold; font-size: 10pt; color: #00786e;\">PERFORMANCE DATES<br><\/span><span style=\"font-family: gravity-book;\"><span style=\"font-family: gravity-bold;\">From 7th to 15th December 2022<\/span> (release day on 12th December)<\/span><br><span style=\"font-family: gravity-book;\">Th\u00e9\u00e2tre National de Strasbourg<br><\/span><span style=\"font-family: gravity-bold;\">On 15th and 16th March 2022<\/span><br><span style=\"font-family: gravity-book;\">L\u2019Espace des Arts, sc\u00e8ne nationale Chalon-sur-Sa\u00f4ne<br><\/span><span style=\"font-family: gravity-bold;\">On 3rd February 2022<\/span><br><span style=\"font-family: gravity-book;\">L\u2019ARC, sc\u00e8ne nationale Le Creusot<br><\/span><span style=\"font-family: gravity-bold;\">On 1st February 2022<\/span><br><span style=\"font-family: gravity-book;\">Les Sc\u00e8nes du Jura au Th\u00e9\u00e2tre de Dole<br><\/span><span style=\"font-family: gravity-bold;\">From 25th to 28th January 2022<\/span><br><span style=\"font-family: gravity-book;\">Th\u00e9\u00e2tre de la Cit\u00e9 &#8211; CDN de Toulouse<br><\/span><span style=\"font-family: gravity-bold;\">From 18th to 20th January 2022<\/span><br><span style=\"font-family: gravity-book;\">CDN de Besan\u00e7on Franche-Comt\u00e9, Besan\u00e7on<\/span><\/p>\t\t\t\t\t\t<\/div>\n\t\t\t\t<\/div>\n\t\t\t\t<div class=\"elementor-element elementor-element-8c9bb3e elementor-widget elementor-widget-text-editor\" data-id=\"8c9bb3e\" data-element_type=\"widget\" data-widget_type=\"text-editor.default\">\n\t\t\t\t<div class=\"elementor-widget-container\">\n\t\t\t\t\t\t\t<p><span style=\"font-family: gravity-bold; color: #00786e;\">MORE INFORMATIONS<br><\/span><span style=\"text-decoration: underline;\"><span style=\"color: #ffffff; text-decoration: underline;\"><a style=\"color: #ffffff; text-decoration: underline;\" href=\"http:\/\/www.dayfornight.fr\/wp-content\/uploads\/2022\/10\/DOSSIER_NOSTALGIE2175.pdf\" target=\"_blank\" rel=\"noopener\">x Download the artistic dossier in french<\/a><\/span><\/span><br><span style=\"text-decoration: underline;\"><span style=\"color: #ffffff; text-decoration: underline;\"><a style=\"color: #ffffff; text-decoration: underline;\" href=\"https:\/\/vimeo.com\/686608009\" target=\"_blank\" rel=\"noopener\">x Watch the teaser<\/a><br>x Read the french press&nbsp;<br><\/span><\/span><span style=\"color: #ffffff;\"><em><span style=\"font-family: 'Andale Mono', Times;\">&nbsp;___<\/span><span style=\"text-decoration: underline;\"><a href=\"https:\/\/blogs.mediapart.fr\/guillaume-lasserre\/blog\/250122\/soleil-noir\">Mediapart<\/a><\/span><\/em><\/span><span style=\"text-decoration: underline;\"><span style=\"color: #ffffff; text-decoration: underline;\"><br><em><a href=\"http:\/\/www.critiquetheatreclau.com\/2022\/01\/nostalgie-2175-de-anja-hilling-mise-en-scene-anne-monfort.html\"><span style=\"color: #ffffff;\"><span style=\"font-family: 'Andale Mono', Times;\">___<\/span><\/span>Theatreclau<\/a><br><\/em><em><a href=\"http:\/\/www.dayfornight.fr\/wp-content\/uploads\/2022\/04\/Nostalgie_NOVO2063.pdf\"><span style=\"color: #ffffff;\"><span style=\"font-family: 'Andale Mono', Times;\">___<\/span><\/span>NOVO<\/a><\/em><br><em><a href=\"https:\/\/www.youtube.com\/watch?v=jWxNvBBaXu8\"><span style=\"color: #ffffff;\"><span style=\"font-family: 'Andale Mono', Times;\">___<\/span><\/span>France 3 Bourgogne-Franche Comt\u00e9<\/a><\/em><br><\/span><\/span><\/p>\t\t\t\t\t\t<\/div>\n\t\t\t\t<\/div>\n\t\t\t\t\t<\/div>\n\t\t<\/div>\n\t\t\t\t\t<\/div>\n\t\t<\/section>\n\t\t\t\t\t<\/div>\n\t\t<\/div>\n\t\t\t\t\t<\/div>\n\t\t<\/section>\n\t\t\t\t<section class=\"elementor-section elementor-top-section elementor-element elementor-element-18f00e8 elementor-section-boxed elementor-section-height-default elementor-section-height-default\" data-id=\"18f00e8\" data-element_type=\"section\">\n\t\t\t\t\t\t<div class=\"elementor-container elementor-column-gap-default\">\n\t\t\t\t\t<div class=\"elementor-column elementor-col-100 elementor-top-column elementor-element elementor-element-db1cde3\" data-id=\"db1cde3\" data-element_type=\"column\">\n\t\t\t<div class=\"elementor-widget-wrap\">\n\t\t\t\t\t\t\t<\/div>\n\t\t<\/div>\n\t\t\t\t\t<\/div>\n\t\t<\/section>\n\t\t\t\t<\/div>","protected":false},"excerpt":{"rendered":"<p>________ nostalgie 2175CR\u00c9ATION 2022 En 2175, dans un monde o\u00f9 la temp\u00e9rature avoisine les 60\u00b0C et o\u00f9 l\u2019humain ne cesse<\/p>","protected":false},"author":1,"featured_media":0,"parent":0,"menu_order":0,"comment_status":"closed","ping_status":"closed","template":"","meta":[],"_links":{"self":[{"href":"https:\/\/www.dayfornight.fr\/en\/wp-json\/wp\/v2\/pages\/864"}],"collection":[{"href":"https:\/\/www.dayfornight.fr\/en\/wp-json\/wp\/v2\/pages"}],"about":[{"href":"https:\/\/www.dayfornight.fr\/en\/wp-json\/wp\/v2\/types\/page"}],"author":[{"embeddable":true,"href":"https:\/\/www.dayfornight.fr\/en\/wp-json\/wp\/v2\/users\/1"}],"replies":[{"embeddable":true,"href":"https:\/\/www.dayfornight.fr\/en\/wp-json\/wp\/v2\/comments?post=864"}],"version-history":[{"count":184,"href":"https:\/\/www.dayfornight.fr\/en\/wp-json\/wp\/v2\/pages\/864\/revisions"}],"predecessor-version":[{"id":3797,"href":"https:\/\/www.dayfornight.fr\/en\/wp-json\/wp\/v2\/pages\/864\/revisions\/3797"}],"wp:attachment":[{"href":"https:\/\/www.dayfornight.fr\/en\/wp-json\/wp\/v2\/media?parent=864"}],"curies":[{"name":"wp","href":"https:\/\/api.w.org\/{rel}","templated":true}]}}